{"id":820,"date":"2017-06-28T18:57:59","date_gmt":"2017-06-28T17:57:59","guid":{"rendered":"http:\/\/www.difoprint.com\/preimpressio\/"},"modified":"2017-07-25T11:55:23","modified_gmt":"2017-07-25T10:55:23","slug":"preimpressio","status":"publish","type":"page","link":"https:\/\/www.difoprint.com\/es\/serveis\/preimpressio\/","title":{"rendered":"Preimpresi\u00f3n"},"content":{"rendered":"<\/div><\/div><\/div><!-- close content main div --><\/div><\/div><div id='full_slider_1' class='avia-fullwidth-slider main_color avia-shadow  container_wrap sidebar_right'   ><div  data-size='featured_large'  data-lightbox_size='large'  data-animation='fade'  data-ids='608'  data-video_counter='0'  data-autoplay='true'  data-bg_slider='false'  data-slide_height=''  data-handle='av_slideshow_full'  data-interval='5'  data-class=' '  data-css_id=''  data-scroll_down=''  data-control_layout='av-control-hidden'  data-custom_markup=''  data-perma_caption=''  data-autoplay_stopper=''  data-image_attachment=''  data-min_height='0px'  data-src=''  data-position='top left'  data-repeat='no-repeat'  data-attach='scroll'  data-stretch=''  data-default-height='42'  class='avia-slideshow avia-slideshow-1  av-control-hidden av-default-height-applied avia-slideshow-featured_large av_slideshow_full   avia-fade-slider '  itemscope=\"itemscope\" itemtype=\"https:\/\/schema.org\/ImageObject\" ><ul class='avia-slideshow-inner' style='padding-bottom: 27.333333333333%;'><li  class=' av-single-slide slide-1 ' ><div data-rel='slideshow-1' class='avia-slide-wrap'  ><div class = \"caption_fullwidth av-slideshow-caption caption_center\"><div class = \"container caption_container\"><div class = \"slideshow_caption\"><div class = \"slideshow_inner_caption\"><div class = \"slideshow_align_caption\"><div class='avia-caption-content av_inherit_color'  itemprop=\"description\"   style='font-size:50px; '><p>Te ayudamos a marcar la diferencia<\/p>\n<\/div><\/div><\/div><\/div><\/div><\/div><img src='https:\/\/www.difoprint.com\/wp-content\/uploads\/2017\/06\/g-preimpresio-1-1500x410.jpg' width='1500' height='410' title='g-preimpresio' alt=''  itemprop=\"thumbnailUrl\"   \/><div class='av-section-color-overlay' style='opacity: 0.2; background-color: #000000; '><\/div><\/div><\/li><\/ul><\/div><\/div>\n<div class=\"flex_column av_one_full  flex_column_div av-zero-column-padding first  \" style='border-radius:0px; '><p><div style='padding-bottom:0px;' class='av-special-heading av-special-heading-h2  blockquote modern-quote '><h2 class='av-special-heading-tag'  itemprop=\"headline\"  >PREIMPRESI\u00d3N<\/h2><div class='special-heading-border'><div class='special-heading-inner-border' ><\/div><\/div><\/div><br \/>\n<div style=' margin-top:5px; margin-bottom:30px;'  class='hr hr-custom hr-left hr-icon-no '><span class='hr-inner   inner-border-av-border-fat' style=' width:50px; border-color:#d90000;' ><span class='hr-inner-style'><\/span><\/span><\/div><\/p><\/div><section class=\"av_textblock_section\"  itemscope=\"itemscope\" itemtype=\"https:\/\/schema.org\/CreativeWork\" ><div class='avia_textblock '   itemprop=\"text\" ><p>Asesoramos a nuestros clientes desde el primer boceto del producto y le ofrecemos apoyo t\u00e9cnico y humano, desde el mismo proceso de preimpresi\u00f3n y siempre trabajando con pruebas de color reales, para garantizar la m\u00e1xima calidad en el resultado final.<\/p>\n<p>Nuestra tecnolog\u00eda de \u00faltima generaci\u00f3n nos da control absoluto sobre la calidad del proceso de preimpresi\u00f3n y nos ayuda a acortar los plazos para adaptarse a sus necesidades.<\/p>\n<p>Utilizamos maquinaria Heidelberg, como la procesadora de planchas Suprasetter 74, que impulsa la productividad en CtP haci\u00e9ndola m\u00e1s precisa, fiable y c\u00f3moda.<\/p>\n<ul>\n<li>Asesoramiento gr\u00e1fico<\/li>\n<li>Servicio de esc\u00e1ner<\/li>\n<li>Servicio de retoque fotogr\u00e1fico<\/li>\n<li>Servicio FTP<\/li>\n<li>Pruebas de color<\/li>\n<li>Planchas CTP<\/li>\n<li>Grabaci\u00f3n de CD\u2019s y DVD\u2019s<\/li>\n<\/ul>\n<\/div><\/section><\/p>\n<div style=' margin-top:5px; margin-bottom:30px;'  class='hr hr-custom hr-left hr-icon-no '><span class='hr-inner   inner-border-av-border-fat' style=' width:50px; border-color:#ffffff;' ><span class='hr-inner-style'><\/span><\/span><\/div>\n<div class='avia-gallery avia-gallery-1 avia_lazyload avia_animate_when_visible '  itemscope=\"itemscope\" itemtype=\"https:\/\/schema.org\/ImageObject\" ><div class='avia-gallery-thumb'> <a href='https:\/\/www.difoprint.com\/wp-content\/uploads\/2017\/06\/preimpressio1.jpg' data-rel='gallery-1' data-prev-img='https:\/\/www.difoprint.com\/wp-content\/uploads\/2017\/06\/preimpressio1-495x400.jpg' class='first_thumb lightbox ' data-onclick='1' title=''  itemprop=\"thumbnailUrl\" ><img  src='https:\/\/www.difoprint.com\/wp-content\/uploads\/2017\/06\/preimpressio1-495x400.jpg' width='495' height='400'  title='preimpressio1' alt='' \/><\/a> <a href='https:\/\/www.difoprint.com\/wp-content\/uploads\/2017\/06\/preimpressio2.jpg' data-rel='gallery-1' data-prev-img='https:\/\/www.difoprint.com\/wp-content\/uploads\/2017\/06\/preimpressio2-495x400.jpg' class='lightbox ' data-onclick='2' title=''  itemprop=\"thumbnailUrl\" ><img  src='https:\/\/www.difoprint.com\/wp-content\/uploads\/2017\/06\/preimpressio2-495x400.jpg' width='495' height='400'  title='preimpressio2' alt='' \/><\/a> <a href='https:\/\/www.difoprint.com\/wp-content\/uploads\/2017\/06\/preimpressio3.jpg' data-rel='gallery-1' data-prev-img='https:\/\/www.difoprint.com\/wp-content\/uploads\/2017\/06\/preimpressio3-495x400.jpg' class='lightbox ' data-onclick='3' title=''  itemprop=\"thumbnailUrl\" ><img  src='https:\/\/www.difoprint.com\/wp-content\/uploads\/2017\/06\/preimpressio3-495x400.jpg' width='495' height='400'  title='preimpressio3' alt='' \/><\/a> <a href='https:\/\/www.difoprint.com\/wp-content\/uploads\/2017\/06\/preimpressio4.jpg' data-rel='gallery-1' data-prev-img='https:\/\/www.difoprint.com\/wp-content\/uploads\/2017\/06\/preimpressio4-495x400.jpg' class='lightbox ' data-onclick='4' title=''  itemprop=\"thumbnailUrl\" ><img  src='https:\/\/www.difoprint.com\/wp-content\/uploads\/2017\/06\/preimpressio4-495x400.jpg' width='495' height='400'  title='preimpressio4' alt='' \/><\/a> <a href='https:\/\/www.difoprint.com\/wp-content\/uploads\/2017\/06\/preimpressio5.jpg' data-rel='gallery-1' data-prev-img='https:\/\/www.difoprint.com\/wp-content\/uploads\/2017\/06\/preimpressio5-495x400.jpg' class='lightbox ' data-onclick='5' title=''  itemprop=\"thumbnailUrl\" ><img  src='https:\/\/www.difoprint.com\/wp-content\/uploads\/2017\/06\/preimpressio5-495x400.jpg' width='495' height='400'  title='preimpressio5' alt='' \/><\/a><\/div><\/div>\n","protected":false},"excerpt":{"rendered":"","protected":false},"author":1,"featured_media":0,"parent":880,"menu_order":0,"comment_status":"closed","ping_status":"closed","template":"","meta":{"footnotes":""},"class_list":["post-820","page","type-page","status-publish","hentry"],"yoast_head":"<!-- This site is optimized with the Yoast SEO plugin v27.5 - https:\/\/yoast.com\/product\/yoast-seo-wordpress\/ -->\n<title>Preimpresi\u00f3n - Difoprint<\/title>\n<meta name=\"robots\" content=\"index, follow, max-snippet:-1, max-image-preview:large, max-video-preview:-1\" \/>\n<link rel=\"canonical\" href=\"https:\/\/www.difoprint.com\/es\/serveis\/preimpressio\/\" \/>\n<meta property=\"og:locale\" content=\"es_ES\" \/>\n<meta property=\"og:type\" content=\"article\" \/>\n<meta property=\"og:title\" content=\"Preimpresi\u00f3n - Difoprint\" \/>\n<meta property=\"og:url\" content=\"https:\/\/www.difoprint.com\/es\/serveis\/preimpressio\/\" \/>\n<meta property=\"og:site_name\" content=\"Difoprint\" \/>\n<meta property=\"article:modified_time\" content=\"2017-07-25T10:55:23+00:00\" \/>\n<meta name=\"twitter:card\" content=\"summary_large_image\" \/>\n<meta name=\"twitter:label1\" content=\"Tiempo de lectura\" \/>\n\t<meta name=\"twitter:data1\" content=\"3 minutos\" \/>\n<script type=\"application\/ld+json\" class=\"yoast-schema-graph\">{\"@context\":\"https:\\\/\\\/schema.org\",\"@graph\":[{\"@type\":\"WebPage\",\"@id\":\"https:\\\/\\\/www.difoprint.com\\\/es\\\/serveis\\\/preimpressio\\\/\",\"url\":\"https:\\\/\\\/www.difoprint.com\\\/es\\\/serveis\\\/preimpressio\\\/\",\"name\":\"Preimpresi\u00f3n - Difoprint\",\"isPartOf\":{\"@id\":\"https:\\\/\\\/www.difoprint.com\\\/es\\\/#website\"},\"datePublished\":\"2017-06-28T17:57:59+00:00\",\"dateModified\":\"2017-07-25T10:55:23+00:00\",\"breadcrumb\":{\"@id\":\"https:\\\/\\\/www.difoprint.com\\\/es\\\/serveis\\\/preimpressio\\\/#breadcrumb\"},\"inLanguage\":\"es\",\"potentialAction\":[{\"@type\":\"ReadAction\",\"target\":[\"https:\\\/\\\/www.difoprint.com\\\/es\\\/serveis\\\/preimpressio\\\/\"]}]},{\"@type\":\"BreadcrumbList\",\"@id\":\"https:\\\/\\\/www.difoprint.com\\\/es\\\/serveis\\\/preimpressio\\\/#breadcrumb\",\"itemListElement\":[{\"@type\":\"ListItem\",\"position\":1,\"name\":\"Inici\",\"item\":\"https:\\\/\\\/www.difoprint.com\\\/es\\\/\"},{\"@type\":\"ListItem\",\"position\":2,\"name\":\"Servicios\",\"item\":\"https:\\\/\\\/www.difoprint.com\\\/es\\\/serveis\\\/\"},{\"@type\":\"ListItem\",\"position\":3,\"name\":\"Preimpresi\u00f3n\"}]},{\"@type\":\"WebSite\",\"@id\":\"https:\\\/\\\/www.difoprint.com\\\/es\\\/#website\",\"url\":\"https:\\\/\\\/www.difoprint.com\\\/es\\\/\",\"name\":\"Difoprint\",\"description\":\"Arts gr\u00e0fiques\",\"potentialAction\":[{\"@type\":\"SearchAction\",\"target\":{\"@type\":\"EntryPoint\",\"urlTemplate\":\"https:\\\/\\\/www.difoprint.com\\\/es\\\/?s={search_term_string}\"},\"query-input\":{\"@type\":\"PropertyValueSpecification\",\"valueRequired\":true,\"valueName\":\"search_term_string\"}}],\"inLanguage\":\"es\"}]}<\/script>\n<!-- \/ Yoast SEO plugin. -->","yoast_head_json":{"title":"Preimpresi\u00f3n - Difoprint","robots":{"index":"index","follow":"follow","max-snippet":"max-snippet:-1","max-image-preview":"max-image-preview:large","max-video-preview":"max-video-preview:-1"},"canonical":"https:\/\/www.difoprint.com\/es\/serveis\/preimpressio\/","og_locale":"es_ES","og_type":"article","og_title":"Preimpresi\u00f3n - Difoprint","og_url":"https:\/\/www.difoprint.com\/es\/serveis\/preimpressio\/","og_site_name":"Difoprint","article_modified_time":"2017-07-25T10:55:23+00:00","twitter_card":"summary_large_image","twitter_misc":{"Tiempo de lectura":"3 minutos"},"schema":{"@context":"https:\/\/schema.org","@graph":[{"@type":"WebPage","@id":"https:\/\/www.difoprint.com\/es\/serveis\/preimpressio\/","url":"https:\/\/www.difoprint.com\/es\/serveis\/preimpressio\/","name":"Preimpresi\u00f3n - Difoprint","isPartOf":{"@id":"https:\/\/www.difoprint.com\/es\/#website"},"datePublished":"2017-06-28T17:57:59+00:00","dateModified":"2017-07-25T10:55:23+00:00","breadcrumb":{"@id":"https:\/\/www.difoprint.com\/es\/serveis\/preimpressio\/#breadcrumb"},"inLanguage":"es","potentialAction":[{"@type":"ReadAction","target":["https:\/\/www.difoprint.com\/es\/serveis\/preimpressio\/"]}]},{"@type":"BreadcrumbList","@id":"https:\/\/www.difoprint.com\/es\/serveis\/preimpressio\/#breadcrumb","itemListElement":[{"@type":"ListItem","position":1,"name":"Inici","item":"https:\/\/www.difoprint.com\/es\/"},{"@type":"ListItem","position":2,"name":"Servicios","item":"https:\/\/www.difoprint.com\/es\/serveis\/"},{"@type":"ListItem","position":3,"name":"Preimpresi\u00f3n"}]},{"@type":"WebSite","@id":"https:\/\/www.difoprint.com\/es\/#website","url":"https:\/\/www.difoprint.com\/es\/","name":"Difoprint","description":"Arts gr\u00e0fiques","potentialAction":[{"@type":"SearchAction","target":{"@type":"EntryPoint","urlTemplate":"https:\/\/www.difoprint.com\/es\/?s={search_term_string}"},"query-input":{"@type":"PropertyValueSpecification","valueRequired":true,"valueName":"search_term_string"}}],"inLanguage":"es"}]}},"_links":{"self":[{"href":"https:\/\/www.difoprint.com\/es\/wp-json\/wp\/v2\/pages\/820","targetHints":{"allow":["GET"]}}],"collection":[{"href":"https:\/\/www.difoprint.com\/es\/wp-json\/wp\/v2\/pages"}],"about":[{"href":"https:\/\/www.difoprint.com\/es\/wp-json\/wp\/v2\/types\/page"}],"author":[{"embeddable":true,"href":"https:\/\/www.difoprint.com\/es\/wp-json\/wp\/v2\/users\/1"}],"replies":[{"embeddable":true,"href":"https:\/\/www.difoprint.com\/es\/wp-json\/wp\/v2\/comments?post=820"}],"version-history":[{"count":0,"href":"https:\/\/www.difoprint.com\/es\/wp-json\/wp\/v2\/pages\/820\/revisions"}],"up":[{"embeddable":true,"href":"https:\/\/www.difoprint.com\/es\/wp-json\/wp\/v2\/pages\/880"}],"wp:attachment":[{"href":"https:\/\/www.difoprint.com\/es\/wp-json\/wp\/v2\/media?parent=820"}],"curies":[{"name":"wp","href":"https:\/\/api.w.org\/{rel}","templated":true}]}}