{"id":819,"date":"2017-06-28T18:58:10","date_gmt":"2017-06-28T17:58:10","guid":{"rendered":"http:\/\/www.difoprint.com\/impressio-digital\/"},"modified":"2019-06-18T08:58:17","modified_gmt":"2019-06-18T07:58:17","slug":"impresion-digital","status":"publish","type":"page","link":"https:\/\/www.difoprint.com\/es\/serveis\/impresion-digital\/","title":{"rendered":"Impresi\u00f3n Digital"},"content":{"rendered":"<\/div><\/div><\/div><!-- close content main div --><\/div><\/div><div id='full_slider_1' class='avia-fullwidth-slider main_color avia-shadow  container_wrap sidebar_right'   ><div  data-size='featured_large'  data-lightbox_size='large'  data-animation='fade'  data-ids='610'  data-video_counter='0'  data-autoplay='true'  data-bg_slider='false'  data-slide_height=''  data-handle='av_slideshow_full'  data-interval='5'  data-class=' '  data-css_id=''  data-scroll_down=''  data-control_layout='av-control-hidden'  data-custom_markup=''  data-perma_caption=''  data-autoplay_stopper=''  data-image_attachment=''  data-min_height='0px'  data-src=''  data-position='top left'  data-repeat='no-repeat'  data-attach='scroll'  data-stretch=''  data-default-height='42'  class='avia-slideshow avia-slideshow-1  av-control-hidden av-default-height-applied avia-slideshow-featured_large av_slideshow_full   avia-fade-slider '  itemscope=\"itemscope\" itemtype=\"https:\/\/schema.org\/ImageObject\" ><ul class='avia-slideshow-inner' style='padding-bottom: 27.333333333333%;'><li  class=' av-single-slide slide-1 ' ><div data-rel='slideshow-1' class='avia-slide-wrap'  ><img src='https:\/\/www.difoprint.com\/wp-content\/uploads\/2017\/06\/g-impresiodigital-1-1500x410.jpg' width='1500' height='410' title='g-impresiodigital' alt=''  itemprop=\"thumbnailUrl\"   \/><\/div><\/li><\/ul><\/div><\/div>\n<div class=\"flex_column av_one_full  flex_column_div av-zero-column-padding first  \" style='border-radius:0px; '><p><div style='padding-bottom:0px;' class='av-special-heading av-special-heading-h2  blockquote modern-quote '><h2 class='av-special-heading-tag'  itemprop=\"headline\"  >IMPRESI\u00d3N DIGITAL<\/h2><div class='special-heading-border'><div class='special-heading-inner-border' ><\/div><\/div><\/div><br \/>\n<div style=' margin-top:5px; margin-bottom:30px;'  class='hr hr-custom hr-left hr-icon-no '><span class='hr-inner   inner-border-av-border-fat' style=' width:50px; border-color:#d90000;' ><span class='hr-inner-style'><\/span><\/span><\/div><\/p><\/div>\n<section class=\"av_textblock_section\"  itemscope=\"itemscope\" itemtype=\"https:\/\/schema.org\/CreativeWork\" ><div class='avia_textblock '   itemprop=\"text\" ><p>La impresi\u00f3n digital gana terreno d\u00eda a d\u00eda. Sus principales ventajas son que es un tipo de impresi\u00f3n r\u00e1pido y con muy buena calidad. Adem\u00e1s, ofrece soluciones personalizadas y \u00e1giles en tiradas m\u00e1s cortas, a precios muy competitivos y en plazos de entrega muy reducidos.<\/p>\n<p>A <a href=\"https:\/\/www.instagram.com\/difoprint\/\" target=\"_blank\" rel=\"noopener noreferrer\">Difoprint<\/a> tambi\u00e9n disponemos de tecnolog\u00eda de \u00faltima generaci\u00f3n as\u00ed como la m\u00e1quina HP Indigo 5500, que es un modelo avanzado de prensa digital de alta calidad y la Versafire CP de Ricoh con una innovadora tecnolog\u00eda l\u00e1ser.<\/p>\n<\/div><\/section>\n<div style=' margin-top:5px; margin-bottom:30px;'  class='hr hr-custom hr-left hr-icon-no '><span class='hr-inner   inner-border-av-border-fat' style=' width:50px; border-color:#ffffff;' ><span class='hr-inner-style'><\/span><\/span><\/div>\n<div class='avia-gallery avia-gallery-1 avia_lazyload avia_animate_when_visible '  itemscope=\"itemscope\" itemtype=\"https:\/\/schema.org\/ImageObject\" ><div class='avia-gallery-thumb'> <a href='https:\/\/www.difoprint.com\/wp-content\/uploads\/2017\/06\/impressio-digital1-1.jpg' data-rel='gallery-1' data-prev-img='https:\/\/www.difoprint.com\/wp-content\/uploads\/2017\/06\/impressio-digital1-1-495x400.jpg' class='first_thumb lightbox ' data-onclick='1' title=''  itemprop=\"thumbnailUrl\" ><img  src='https:\/\/www.difoprint.com\/wp-content\/uploads\/2017\/06\/impressio-digital1-1-495x400.jpg' width='495' height='400'  title='' alt='impresi\u00f3n digital' \/><\/a> <a href='https:\/\/www.difoprint.com\/wp-content\/uploads\/2017\/06\/impressio-digital2-1.jpg' data-rel='gallery-1' data-prev-img='https:\/\/www.difoprint.com\/wp-content\/uploads\/2017\/06\/impressio-digital2-1-495x400.jpg' class='lightbox ' data-onclick='2' title=''  itemprop=\"thumbnailUrl\" ><img  src='https:\/\/www.difoprint.com\/wp-content\/uploads\/2017\/06\/impressio-digital2-1-495x400.jpg' width='495' height='400'  title='' alt='' \/><\/a> <a href='https:\/\/www.difoprint.com\/wp-content\/uploads\/2017\/06\/impressio-digital3-1.jpg' data-rel='gallery-1' data-prev-img='https:\/\/www.difoprint.com\/wp-content\/uploads\/2017\/06\/impressio-digital3-1-495x400.jpg' class='lightbox ' data-onclick='3' title=''  itemprop=\"thumbnailUrl\" ><img  src='https:\/\/www.difoprint.com\/wp-content\/uploads\/2017\/06\/impressio-digital3-1-495x400.jpg' width='495' height='400'  title='' alt='impresi\u00f3n digital' \/><\/a> <a href='https:\/\/www.difoprint.com\/wp-content\/uploads\/2017\/06\/impressio-digital4-1.jpg' data-rel='gallery-1' data-prev-img='https:\/\/www.difoprint.com\/wp-content\/uploads\/2017\/06\/impressio-digital4-1-495x400.jpg' class='lightbox ' data-onclick='4' title=''  itemprop=\"thumbnailUrl\" ><img  src='https:\/\/www.difoprint.com\/wp-content\/uploads\/2017\/06\/impressio-digital4-1-495x400.jpg' width='495' height='400'  title='' alt='calidad impresi\u00f3n digital' \/><\/a> <a href='https:\/\/www.difoprint.com\/wp-content\/uploads\/2017\/06\/versafire-impressi\u00f3-digital-1030x458.jpg' data-rel='gallery-1' data-prev-img='https:\/\/www.difoprint.com\/wp-content\/uploads\/2017\/06\/versafire-impressi\u00f3-digital-495x400.jpg' class='lightbox ' data-onclick='5' title=''  itemprop=\"thumbnailUrl\" ><img  src='https:\/\/www.difoprint.com\/wp-content\/uploads\/2017\/06\/versafire-impressi\u00f3-digital-495x400.jpg' width='495' height='400'  title='' alt='' \/><\/a><\/div><\/div>\n","protected":false},"excerpt":{"rendered":"","protected":false},"author":1,"featured_media":0,"parent":880,"menu_order":0,"comment_status":"closed","ping_status":"closed","template":"","meta":{"footnotes":""},"class_list":["post-819","page","type-page","status-publish","hentry"],"yoast_head":"<!-- This site is optimized with the Yoast SEO plugin v27.5 - https:\/\/yoast.com\/product\/yoast-seo-wordpress\/ -->\n<title>Impresi\u00f3n digital | Ofrecemos calidad y rapidez - Difoprint<\/title>\n<meta name=\"description\" content=\"Impresi\u00f3n digital r\u00e1pida y de calidad. Damos soluciones personalizadas, buenos precios y un plazo de entrega reducido. \u00a1Entra y desc\u00fabrelo!\" \/>\n<meta name=\"robots\" content=\"index, follow, max-snippet:-1, max-image-preview:large, max-video-preview:-1\" \/>\n<link rel=\"canonical\" href=\"https:\/\/www.difoprint.com\/es\/serveis\/impresion-digital\/\" \/>\n<meta property=\"og:locale\" content=\"es_ES\" \/>\n<meta property=\"og:type\" content=\"article\" \/>\n<meta property=\"og:title\" content=\"Impresi\u00f3n digital | Ofrecemos calidad y rapidez - Difoprint\" \/>\n<meta property=\"og:description\" content=\"Impresi\u00f3n digital r\u00e1pida y de calidad. Damos soluciones personalizadas, buenos precios y un plazo de entrega reducido. \u00a1Entra y desc\u00fabrelo!\" \/>\n<meta property=\"og:url\" content=\"https:\/\/www.difoprint.com\/es\/serveis\/impresion-digital\/\" \/>\n<meta property=\"og:site_name\" content=\"Difoprint\" \/>\n<meta property=\"article:modified_time\" content=\"2019-06-18T07:58:17+00:00\" \/>\n<meta name=\"twitter:card\" content=\"summary_large_image\" \/>\n<meta name=\"twitter:label1\" content=\"Tiempo de lectura\" \/>\n\t<meta name=\"twitter:data1\" content=\"2 minutos\" \/>\n<script type=\"application\/ld+json\" class=\"yoast-schema-graph\">{\"@context\":\"https:\\\/\\\/schema.org\",\"@graph\":[{\"@type\":\"WebPage\",\"@id\":\"https:\\\/\\\/www.difoprint.com\\\/es\\\/serveis\\\/impresion-digital\\\/\",\"url\":\"https:\\\/\\\/www.difoprint.com\\\/es\\\/serveis\\\/impresion-digital\\\/\",\"name\":\"Impresi\u00f3n digital | Ofrecemos calidad y rapidez - Difoprint\",\"isPartOf\":{\"@id\":\"https:\\\/\\\/www.difoprint.com\\\/es\\\/#website\"},\"datePublished\":\"2017-06-28T17:58:10+00:00\",\"dateModified\":\"2019-06-18T07:58:17+00:00\",\"description\":\"Impresi\u00f3n digital r\u00e1pida y de calidad. Damos soluciones personalizadas, buenos precios y un plazo de entrega reducido. \u00a1Entra y desc\u00fabrelo!\",\"breadcrumb\":{\"@id\":\"https:\\\/\\\/www.difoprint.com\\\/es\\\/serveis\\\/impresion-digital\\\/#breadcrumb\"},\"inLanguage\":\"es\",\"potentialAction\":[{\"@type\":\"ReadAction\",\"target\":[\"https:\\\/\\\/www.difoprint.com\\\/es\\\/serveis\\\/impresion-digital\\\/\"]}]},{\"@type\":\"BreadcrumbList\",\"@id\":\"https:\\\/\\\/www.difoprint.com\\\/es\\\/serveis\\\/impresion-digital\\\/#breadcrumb\",\"itemListElement\":[{\"@type\":\"ListItem\",\"position\":1,\"name\":\"Inici\",\"item\":\"https:\\\/\\\/www.difoprint.com\\\/es\\\/\"},{\"@type\":\"ListItem\",\"position\":2,\"name\":\"Servicios\",\"item\":\"https:\\\/\\\/www.difoprint.com\\\/es\\\/serveis\\\/\"},{\"@type\":\"ListItem\",\"position\":3,\"name\":\"Impresi\u00f3n Digital\"}]},{\"@type\":\"WebSite\",\"@id\":\"https:\\\/\\\/www.difoprint.com\\\/es\\\/#website\",\"url\":\"https:\\\/\\\/www.difoprint.com\\\/es\\\/\",\"name\":\"Difoprint\",\"description\":\"Arts gr\u00e0fiques\",\"potentialAction\":[{\"@type\":\"SearchAction\",\"target\":{\"@type\":\"EntryPoint\",\"urlTemplate\":\"https:\\\/\\\/www.difoprint.com\\\/es\\\/?s={search_term_string}\"},\"query-input\":{\"@type\":\"PropertyValueSpecification\",\"valueRequired\":true,\"valueName\":\"search_term_string\"}}],\"inLanguage\":\"es\"}]}<\/script>\n<!-- \/ Yoast SEO plugin. -->","yoast_head_json":{"title":"Impresi\u00f3n digital | Ofrecemos calidad y rapidez - Difoprint","description":"Impresi\u00f3n digital r\u00e1pida y de calidad. Damos soluciones personalizadas, buenos precios y un plazo de entrega reducido. \u00a1Entra y desc\u00fabrelo!","robots":{"index":"index","follow":"follow","max-snippet":"max-snippet:-1","max-image-preview":"max-image-preview:large","max-video-preview":"max-video-preview:-1"},"canonical":"https:\/\/www.difoprint.com\/es\/serveis\/impresion-digital\/","og_locale":"es_ES","og_type":"article","og_title":"Impresi\u00f3n digital | Ofrecemos calidad y rapidez - Difoprint","og_description":"Impresi\u00f3n digital r\u00e1pida y de calidad. Damos soluciones personalizadas, buenos precios y un plazo de entrega reducido. \u00a1Entra y desc\u00fabrelo!","og_url":"https:\/\/www.difoprint.com\/es\/serveis\/impresion-digital\/","og_site_name":"Difoprint","article_modified_time":"2019-06-18T07:58:17+00:00","twitter_card":"summary_large_image","twitter_misc":{"Tiempo de lectura":"2 minutos"},"schema":{"@context":"https:\/\/schema.org","@graph":[{"@type":"WebPage","@id":"https:\/\/www.difoprint.com\/es\/serveis\/impresion-digital\/","url":"https:\/\/www.difoprint.com\/es\/serveis\/impresion-digital\/","name":"Impresi\u00f3n digital | Ofrecemos calidad y rapidez - Difoprint","isPartOf":{"@id":"https:\/\/www.difoprint.com\/es\/#website"},"datePublished":"2017-06-28T17:58:10+00:00","dateModified":"2019-06-18T07:58:17+00:00","description":"Impresi\u00f3n digital r\u00e1pida y de calidad. Damos soluciones personalizadas, buenos precios y un plazo de entrega reducido. \u00a1Entra y desc\u00fabrelo!","breadcrumb":{"@id":"https:\/\/www.difoprint.com\/es\/serveis\/impresion-digital\/#breadcrumb"},"inLanguage":"es","potentialAction":[{"@type":"ReadAction","target":["https:\/\/www.difoprint.com\/es\/serveis\/impresion-digital\/"]}]},{"@type":"BreadcrumbList","@id":"https:\/\/www.difoprint.com\/es\/serveis\/impresion-digital\/#breadcrumb","itemListElement":[{"@type":"ListItem","position":1,"name":"Inici","item":"https:\/\/www.difoprint.com\/es\/"},{"@type":"ListItem","position":2,"name":"Servicios","item":"https:\/\/www.difoprint.com\/es\/serveis\/"},{"@type":"ListItem","position":3,"name":"Impresi\u00f3n Digital"}]},{"@type":"WebSite","@id":"https:\/\/www.difoprint.com\/es\/#website","url":"https:\/\/www.difoprint.com\/es\/","name":"Difoprint","description":"Arts gr\u00e0fiques","potentialAction":[{"@type":"SearchAction","target":{"@type":"EntryPoint","urlTemplate":"https:\/\/www.difoprint.com\/es\/?s={search_term_string}"},"query-input":{"@type":"PropertyValueSpecification","valueRequired":true,"valueName":"search_term_string"}}],"inLanguage":"es"}]}},"_links":{"self":[{"href":"https:\/\/www.difoprint.com\/es\/wp-json\/wp\/v2\/pages\/819","targetHints":{"allow":["GET"]}}],"collection":[{"href":"https:\/\/www.difoprint.com\/es\/wp-json\/wp\/v2\/pages"}],"about":[{"href":"https:\/\/www.difoprint.com\/es\/wp-json\/wp\/v2\/types\/page"}],"author":[{"embeddable":true,"href":"https:\/\/www.difoprint.com\/es\/wp-json\/wp\/v2\/users\/1"}],"replies":[{"embeddable":true,"href":"https:\/\/www.difoprint.com\/es\/wp-json\/wp\/v2\/comments?post=819"}],"version-history":[{"count":0,"href":"https:\/\/www.difoprint.com\/es\/wp-json\/wp\/v2\/pages\/819\/revisions"}],"up":[{"embeddable":true,"href":"https:\/\/www.difoprint.com\/es\/wp-json\/wp\/v2\/pages\/880"}],"wp:attachment":[{"href":"https:\/\/www.difoprint.com\/es\/wp-json\/wp\/v2\/media?parent=819"}],"curies":[{"name":"wp","href":"https:\/\/api.w.org\/{rel}","templated":true}]}}