{"id":818,"date":"2017-06-28T18:58:24","date_gmt":"2017-06-28T17:58:24","guid":{"rendered":"http:\/\/www.difoprint.com\/impressio-offset\/"},"modified":"2019-06-18T09:35:10","modified_gmt":"2019-06-18T08:35:10","slug":"impresion-offset","status":"publish","type":"page","link":"https:\/\/www.difoprint.com\/es\/serveis\/impresion-offset\/","title":{"rendered":"Impresi\u00f3n Offset"},"content":{"rendered":"<\/div><\/div><\/div><!-- close content main div --><\/div><\/div><div id='full_slider_1' class='avia-fullwidth-slider main_color avia-shadow  container_wrap sidebar_right'   ><div  data-size='featured_large'  data-lightbox_size='large'  data-animation='fade'  data-ids='612'  data-video_counter='0'  data-autoplay='true'  data-bg_slider='false'  data-slide_height=''  data-handle='av_slideshow_full'  data-interval='5'  data-class=' '  data-css_id=''  data-scroll_down=''  data-control_layout='av-control-hidden'  data-custom_markup=''  data-perma_caption=''  data-autoplay_stopper=''  data-image_attachment=''  data-min_height='0px'  data-src=''  data-position='top left'  data-repeat='no-repeat'  data-attach='scroll'  data-stretch=''  data-default-height='42'  class='avia-slideshow avia-slideshow-1  av-control-hidden av-default-height-applied avia-slideshow-featured_large av_slideshow_full   avia-fade-slider '  itemscope=\"itemscope\" itemtype=\"https:\/\/schema.org\/ImageObject\" ><ul class='avia-slideshow-inner' style='padding-bottom: 27.333333333333%;'><li  class=' av-single-slide slide-1 ' ><div data-rel='slideshow-1' class='avia-slide-wrap'  ><img src='https:\/\/www.difoprint.com\/wp-content\/uploads\/2017\/06\/g-offset-1-1500x410.jpg' width='1500' height='410' title='g-offset' alt=''  itemprop=\"thumbnailUrl\"   \/><\/div><\/li><\/ul><\/div><\/div>\n<div class=\"flex_column av_one_full  flex_column_div av-zero-column-padding first  \" style='border-radius:0px; '><p><div style='padding-bottom:0px;' class='av-special-heading av-special-heading-h2  blockquote modern-quote '><h2 class='av-special-heading-tag'  itemprop=\"headline\"  >IMPRESI\u00d3N OFFSET<\/h2><div class='special-heading-border'><div class='special-heading-inner-border' ><\/div><\/div><\/div><br \/>\n<div style=' margin-top:5px; margin-bottom:30px;'  class='hr hr-custom hr-left hr-icon-no '><span class='hr-inner   inner-border-av-border-fat' style=' width:50px; border-color:#d90000;' ><span class='hr-inner-style'><\/span><\/span><\/div><\/p><\/div>\n<section class=\"av_textblock_section\"  itemscope=\"itemscope\" itemtype=\"https:\/\/schema.org\/CreativeWork\" ><div class='avia_textblock '   itemprop=\"text\" ><p>La impresi\u00f3n offset, junto con nuestra <a href=\"https:\/\/www.instagram.com\/difoprint\/\" target=\"_blank\" rel=\"noopener noreferrer\">experiencia<\/a> de m\u00e1s de 25 a\u00f1os, nos permite estar preparados para imprimir cualquier producto. La maquinaria y tecnolog\u00eda de que disponemos nos permite elegir la opci\u00f3n m\u00e1s adecuada para cada pedido, para ajustar al m\u00e1ximo los precios y los plazos de entrega. Todas las m\u00e1quinas de impresi\u00f3n son marca Heidelberg, una de las mejores marcas de referencia mundial.<\/p>\n<p>El tradicional sistema offset ofrece evidentes ventajas de calidad, rapidez y gasto en grandes vol\u00famenes de impresi\u00f3n.<\/p>\n<\/div><\/section>\n<div class='avia-gallery avia-gallery-1 avia_lazyload avia_animate_when_visible '  itemscope=\"itemscope\" itemtype=\"https:\/\/schema.org\/ImageObject\" ><div class='avia-gallery-thumb'> <a href='https:\/\/www.difoprint.com\/wp-content\/uploads\/2017\/06\/impressio-offset1.jpg' data-rel='gallery-1' data-prev-img='https:\/\/www.difoprint.com\/wp-content\/uploads\/2017\/06\/impressio-offset1-495x400.jpg' class='first_thumb lightbox ' data-onclick='1' title=''  itemprop=\"thumbnailUrl\" ><img  src='https:\/\/www.difoprint.com\/wp-content\/uploads\/2017\/06\/impressio-offset1-495x400.jpg' width='495' height='400'  title='impressio-offset1' alt='impresi\u00f3n offset' \/><\/a> <a href='https:\/\/www.difoprint.com\/wp-content\/uploads\/2017\/06\/impressio-offset2.jpg' data-rel='gallery-1' data-prev-img='https:\/\/www.difoprint.com\/wp-content\/uploads\/2017\/06\/impressio-offset2-495x400.jpg' class='lightbox ' data-onclick='2' title=''  itemprop=\"thumbnailUrl\" ><img  src='https:\/\/www.difoprint.com\/wp-content\/uploads\/2017\/06\/impressio-offset2-495x400.jpg' width='495' height='400'  title='impressio-offset2' alt='' \/><\/a> <a href='https:\/\/www.difoprint.com\/wp-content\/uploads\/2017\/06\/impressio-offset3.jpg' data-rel='gallery-1' data-prev-img='https:\/\/www.difoprint.com\/wp-content\/uploads\/2017\/06\/impressio-offset3-495x400.jpg' class='lightbox ' data-onclick='3' title=''  itemprop=\"thumbnailUrl\" ><img  src='https:\/\/www.difoprint.com\/wp-content\/uploads\/2017\/06\/impressio-offset3-495x400.jpg' width='495' height='400'  title='impressio-offset3' alt='impressi\u00f3 offset' \/><\/a> <a href='https:\/\/www.difoprint.com\/wp-content\/uploads\/2017\/06\/impressio-offset4.jpg' data-rel='gallery-1' data-prev-img='https:\/\/www.difoprint.com\/wp-content\/uploads\/2017\/06\/impressio-offset4-495x400.jpg' class='lightbox ' data-onclick='4' title=''  itemprop=\"thumbnailUrl\" ><img  src='https:\/\/www.difoprint.com\/wp-content\/uploads\/2017\/06\/impressio-offset4-495x400.jpg' width='495' height='400'  title='impressio-offset4' alt='colores impresi\u00f3n offset' \/><\/a> <a href='https:\/\/www.difoprint.com\/wp-content\/uploads\/2017\/06\/impressio-offset5.jpg' data-rel='gallery-1' data-prev-img='https:\/\/www.difoprint.com\/wp-content\/uploads\/2017\/06\/impressio-offset5-495x400.jpg' class='lightbox ' data-onclick='5' title=''  itemprop=\"thumbnailUrl\" ><img  src='https:\/\/www.difoprint.com\/wp-content\/uploads\/2017\/06\/impressio-offset5-495x400.jpg' width='495' height='400'  title='impressio-offset5' alt='impresi\u00f3n offset' \/><\/a> <a href='https:\/\/www.difoprint.com\/wp-content\/uploads\/2017\/06\/impressio-offset6.jpg' data-rel='gallery-1' data-prev-img='https:\/\/www.difoprint.com\/wp-content\/uploads\/2017\/06\/impressio-offset6-495x400.jpg' class='first_thumb lightbox ' data-onclick='6' title=''  itemprop=\"thumbnailUrl\" ><img  src='https:\/\/www.difoprint.com\/wp-content\/uploads\/2017\/06\/impressio-offset6-495x400.jpg' width='495' height='400'  title='impressio-offset6' alt='' \/><\/a> <a href='https:\/\/www.difoprint.com\/wp-content\/uploads\/2017\/06\/impressio-offset7.jpg' data-rel='gallery-1' data-prev-img='https:\/\/www.difoprint.com\/wp-content\/uploads\/2017\/06\/impressio-offset7-495x400.jpg' class='lightbox ' data-onclick='7' title=''  itemprop=\"thumbnailUrl\" ><img  src='https:\/\/www.difoprint.com\/wp-content\/uploads\/2017\/06\/impressio-offset7-495x400.jpg' width='495' height='400'  title='impressio-offset7' alt='m\u00e1quina impresi\u00f3n offset' \/><\/a><\/div><\/div>\n","protected":false},"excerpt":{"rendered":"","protected":false},"author":1,"featured_media":0,"parent":880,"menu_order":0,"comment_status":"closed","ping_status":"closed","template":"","meta":{"footnotes":""},"class_list":["post-818","page","type-page","status-publish","hentry"],"yoast_head":"<!-- This site is optimized with the Yoast SEO plugin v27.4 - https:\/\/yoast.com\/product\/yoast-seo-wordpress\/ -->\n<title>Impresi\u00f3n Offset | Gran variedad de medidas y papeles - Difoprint<\/title>\n<meta name=\"description\" content=\"La impresi\u00f3n offset admite una gran variedad de medidas y papeles. El sistema offset nos permite dar un servicio m\u00e1s r\u00e1pido y de calidad. \u00a1Desc\u00fabrelo ahora!\" \/>\n<meta name=\"robots\" content=\"index, follow, max-snippet:-1, max-image-preview:large, max-video-preview:-1\" \/>\n<link rel=\"canonical\" href=\"https:\/\/www.difoprint.com\/es\/serveis\/impresion-offset\/\" \/>\n<meta property=\"og:locale\" content=\"es_ES\" \/>\n<meta property=\"og:type\" content=\"article\" \/>\n<meta property=\"og:title\" content=\"Impresi\u00f3n Offset | Gran variedad de medidas y papeles - Difoprint\" \/>\n<meta property=\"og:description\" content=\"La impresi\u00f3n offset admite una gran variedad de medidas y papeles. El sistema offset nos permite dar un servicio m\u00e1s r\u00e1pido y de calidad. \u00a1Desc\u00fabrelo ahora!\" \/>\n<meta property=\"og:url\" content=\"https:\/\/www.difoprint.com\/es\/serveis\/impresion-offset\/\" \/>\n<meta property=\"og:site_name\" content=\"Difoprint\" \/>\n<meta property=\"article:modified_time\" content=\"2019-06-18T08:35:10+00:00\" \/>\n<meta name=\"twitter:card\" content=\"summary_large_image\" \/>\n<meta name=\"twitter:label1\" content=\"Tiempo de lectura\" \/>\n\t<meta name=\"twitter:data1\" content=\"2 minutos\" \/>\n<script type=\"application\/ld+json\" class=\"yoast-schema-graph\">{\"@context\":\"https:\\\/\\\/schema.org\",\"@graph\":[{\"@type\":\"WebPage\",\"@id\":\"https:\\\/\\\/www.difoprint.com\\\/es\\\/serveis\\\/impresion-offset\\\/\",\"url\":\"https:\\\/\\\/www.difoprint.com\\\/es\\\/serveis\\\/impresion-offset\\\/\",\"name\":\"Impresi\u00f3n Offset | Gran variedad de medidas y papeles - Difoprint\",\"isPartOf\":{\"@id\":\"https:\\\/\\\/www.difoprint.com\\\/es\\\/#website\"},\"datePublished\":\"2017-06-28T17:58:24+00:00\",\"dateModified\":\"2019-06-18T08:35:10+00:00\",\"description\":\"La impresi\u00f3n offset admite una gran variedad de medidas y papeles. El sistema offset nos permite dar un servicio m\u00e1s r\u00e1pido y de calidad. \u00a1Desc\u00fabrelo ahora!\",\"breadcrumb\":{\"@id\":\"https:\\\/\\\/www.difoprint.com\\\/es\\\/serveis\\\/impresion-offset\\\/#breadcrumb\"},\"inLanguage\":\"es\",\"potentialAction\":[{\"@type\":\"ReadAction\",\"target\":[\"https:\\\/\\\/www.difoprint.com\\\/es\\\/serveis\\\/impresion-offset\\\/\"]}]},{\"@type\":\"BreadcrumbList\",\"@id\":\"https:\\\/\\\/www.difoprint.com\\\/es\\\/serveis\\\/impresion-offset\\\/#breadcrumb\",\"itemListElement\":[{\"@type\":\"ListItem\",\"position\":1,\"name\":\"Inici\",\"item\":\"https:\\\/\\\/www.difoprint.com\\\/es\\\/\"},{\"@type\":\"ListItem\",\"position\":2,\"name\":\"Servicios\",\"item\":\"https:\\\/\\\/www.difoprint.com\\\/es\\\/serveis\\\/\"},{\"@type\":\"ListItem\",\"position\":3,\"name\":\"Impresi\u00f3n Offset\"}]},{\"@type\":\"WebSite\",\"@id\":\"https:\\\/\\\/www.difoprint.com\\\/es\\\/#website\",\"url\":\"https:\\\/\\\/www.difoprint.com\\\/es\\\/\",\"name\":\"Difoprint\",\"description\":\"Arts gr\u00e0fiques\",\"potentialAction\":[{\"@type\":\"SearchAction\",\"target\":{\"@type\":\"EntryPoint\",\"urlTemplate\":\"https:\\\/\\\/www.difoprint.com\\\/es\\\/?s={search_term_string}\"},\"query-input\":{\"@type\":\"PropertyValueSpecification\",\"valueRequired\":true,\"valueName\":\"search_term_string\"}}],\"inLanguage\":\"es\"}]}<\/script>\n<!-- \/ Yoast SEO plugin. -->","yoast_head_json":{"title":"Impresi\u00f3n Offset | Gran variedad de medidas y papeles - Difoprint","description":"La impresi\u00f3n offset admite una gran variedad de medidas y papeles. El sistema offset nos permite dar un servicio m\u00e1s r\u00e1pido y de calidad. \u00a1Desc\u00fabrelo ahora!","robots":{"index":"index","follow":"follow","max-snippet":"max-snippet:-1","max-image-preview":"max-image-preview:large","max-video-preview":"max-video-preview:-1"},"canonical":"https:\/\/www.difoprint.com\/es\/serveis\/impresion-offset\/","og_locale":"es_ES","og_type":"article","og_title":"Impresi\u00f3n Offset | Gran variedad de medidas y papeles - Difoprint","og_description":"La impresi\u00f3n offset admite una gran variedad de medidas y papeles. El sistema offset nos permite dar un servicio m\u00e1s r\u00e1pido y de calidad. \u00a1Desc\u00fabrelo ahora!","og_url":"https:\/\/www.difoprint.com\/es\/serveis\/impresion-offset\/","og_site_name":"Difoprint","article_modified_time":"2019-06-18T08:35:10+00:00","twitter_card":"summary_large_image","twitter_misc":{"Tiempo de lectura":"2 minutos"},"schema":{"@context":"https:\/\/schema.org","@graph":[{"@type":"WebPage","@id":"https:\/\/www.difoprint.com\/es\/serveis\/impresion-offset\/","url":"https:\/\/www.difoprint.com\/es\/serveis\/impresion-offset\/","name":"Impresi\u00f3n Offset | Gran variedad de medidas y papeles - Difoprint","isPartOf":{"@id":"https:\/\/www.difoprint.com\/es\/#website"},"datePublished":"2017-06-28T17:58:24+00:00","dateModified":"2019-06-18T08:35:10+00:00","description":"La impresi\u00f3n offset admite una gran variedad de medidas y papeles. El sistema offset nos permite dar un servicio m\u00e1s r\u00e1pido y de calidad. \u00a1Desc\u00fabrelo ahora!","breadcrumb":{"@id":"https:\/\/www.difoprint.com\/es\/serveis\/impresion-offset\/#breadcrumb"},"inLanguage":"es","potentialAction":[{"@type":"ReadAction","target":["https:\/\/www.difoprint.com\/es\/serveis\/impresion-offset\/"]}]},{"@type":"BreadcrumbList","@id":"https:\/\/www.difoprint.com\/es\/serveis\/impresion-offset\/#breadcrumb","itemListElement":[{"@type":"ListItem","position":1,"name":"Inici","item":"https:\/\/www.difoprint.com\/es\/"},{"@type":"ListItem","position":2,"name":"Servicios","item":"https:\/\/www.difoprint.com\/es\/serveis\/"},{"@type":"ListItem","position":3,"name":"Impresi\u00f3n Offset"}]},{"@type":"WebSite","@id":"https:\/\/www.difoprint.com\/es\/#website","url":"https:\/\/www.difoprint.com\/es\/","name":"Difoprint","description":"Arts gr\u00e0fiques","potentialAction":[{"@type":"SearchAction","target":{"@type":"EntryPoint","urlTemplate":"https:\/\/www.difoprint.com\/es\/?s={search_term_string}"},"query-input":{"@type":"PropertyValueSpecification","valueRequired":true,"valueName":"search_term_string"}}],"inLanguage":"es"}]}},"_links":{"self":[{"href":"https:\/\/www.difoprint.com\/es\/wp-json\/wp\/v2\/pages\/818","targetHints":{"allow":["GET"]}}],"collection":[{"href":"https:\/\/www.difoprint.com\/es\/wp-json\/wp\/v2\/pages"}],"about":[{"href":"https:\/\/www.difoprint.com\/es\/wp-json\/wp\/v2\/types\/page"}],"author":[{"embeddable":true,"href":"https:\/\/www.difoprint.com\/es\/wp-json\/wp\/v2\/users\/1"}],"replies":[{"embeddable":true,"href":"https:\/\/www.difoprint.com\/es\/wp-json\/wp\/v2\/comments?post=818"}],"version-history":[{"count":0,"href":"https:\/\/www.difoprint.com\/es\/wp-json\/wp\/v2\/pages\/818\/revisions"}],"up":[{"embeddable":true,"href":"https:\/\/www.difoprint.com\/es\/wp-json\/wp\/v2\/pages\/880"}],"wp:attachment":[{"href":"https:\/\/www.difoprint.com\/es\/wp-json\/wp\/v2\/media?parent=818"}],"curies":[{"name":"wp","href":"https:\/\/api.w.org\/{rel}","templated":true}]}}