{"id":817,"date":"2017-06-28T18:58:36","date_gmt":"2017-06-28T17:58:36","guid":{"rendered":"http:\/\/www.difoprint.com\/impressio-gran-format\/"},"modified":"2019-06-18T09:12:25","modified_gmt":"2019-06-18T08:12:25","slug":"impresion-gran-formato","status":"publish","type":"page","link":"https:\/\/www.difoprint.com\/es\/serveis\/impresion-gran-formato\/","title":{"rendered":"Impresi\u00f3n Gran formato"},"content":{"rendered":"<\/div><\/div><\/div><!-- close content main div --><\/div><\/div><div id='full_slider_1' class='avia-fullwidth-slider main_color avia-shadow  container_wrap sidebar_right'   ><div  data-size='featured_large'  data-lightbox_size='large'  data-animation='fade'  data-ids='614'  data-video_counter='0'  data-autoplay='true'  data-bg_slider='false'  data-slide_height=''  data-handle='av_slideshow_full'  data-interval='5'  data-class=' '  data-css_id=''  data-scroll_down=''  data-control_layout='av-control-hidden'  data-custom_markup=''  data-perma_caption=''  data-autoplay_stopper=''  data-image_attachment=''  data-min_height='0px'  data-src=''  data-position='top left'  data-repeat='no-repeat'  data-attach='scroll'  data-stretch=''  data-default-height='42'  class='avia-slideshow avia-slideshow-1  av-control-hidden av-default-height-applied avia-slideshow-featured_large av_slideshow_full   avia-fade-slider '  itemscope=\"itemscope\" itemtype=\"https:\/\/schema.org\/ImageObject\" ><ul class='avia-slideshow-inner' style='padding-bottom: 27.333333333333%;'><li  class=' av-single-slide slide-1 ' ><div data-rel='slideshow-1' class='avia-slide-wrap'  ><img src='https:\/\/www.difoprint.com\/wp-content\/uploads\/2017\/06\/g-granformat-1-1500x410.jpg' width='1500' height='410' title='g-granformat' alt=''  itemprop=\"thumbnailUrl\"   \/><\/div><\/li><\/ul><\/div><\/div>\n<div class=\"flex_column av_one_full  flex_column_div av-zero-column-padding first  \" style='border-radius:0px; '><p><div style='padding-bottom:0px;' class='av-special-heading av-special-heading-h2  blockquote modern-quote '><h2 class='av-special-heading-tag'  itemprop=\"headline\"  >IMPRESI\u00d3N GRAN FORMATO<\/h2><div class='special-heading-border'><div class='special-heading-inner-border' ><\/div><\/div><\/div><br \/>\n<div style=' margin-top:5px; margin-bottom:30px;'  class='hr hr-custom hr-left hr-icon-no '><span class='hr-inner   inner-border-av-border-fat' style=' width:50px; border-color:#d90000;' ><span class='hr-inner-style'><\/span><\/span><\/div><\/p><\/div>\n<section class=\"av_textblock_section\"  itemscope=\"itemscope\" itemtype=\"https:\/\/schema.org\/CreativeWork\" ><div class='avia_textblock '   itemprop=\"text\" ><p>Con la impresi\u00f3n gran formato es m\u00e1s f\u00e1cil\u00a0 transmitir la imagen de su negocio. Es por eso que ofrecemos una amplia gama de posibilidades, tanto en acabado de interior como de exterior. Adem\u00e1s, para dar una soluci\u00f3n personalizada a cada cliente y a cada necesidad, oferim una gran variedad de materiales y de acabados .<\/p>\n<p>Mediante la exposici\u00f3n directa de im\u00e1genes podr\u00e1 comunicar conceptos que le permitir\u00e1n sacar mejor rendimiento a su empresa.<\/p>\n<p>Todas nuestras impresiones de gran formato se caracterizan por tener un buen acabado y una alta calidad de impresi\u00f3n.<\/p>\n<p>En Difoprint proponemos ideas y tambi\u00e9n ofrecemos soluciones. Lo tenemos todo para dar la imagen de calidad que su proyecto se merece.<\/p>\n<p><strong><a href=\"https:\/\/www.instagram.com\/difoprint\/\" target=\"_blank\" rel=\"noopener noreferrer\">Descubre<\/a> todas las posibilidades de negocio que te ofrecemos:<\/strong><\/p>\n<p><strong>Todo tipo de materiales<\/strong><br \/>\nPapel fotogr\u00e1fico, retroiluminables (duratrans), vinilos, lonas y rejillas, textil, canvas, opis y mupis &#8230;<\/p>\n<p><strong>Todo tipo de acabados<\/strong><br \/>\nLaminados, encapsulados, adhesivados, barnices, foam, forex, PVC, metracrilats, dibond, acero inoxidable, perfiles, marcos de aluminio &#8230;<\/p>\n<p><strong>Todo tipo de aplicaciones<\/strong><br \/>\nCarteles, p\u00f3sters, r\u00f3tulos, rotulaci\u00f3n de veh\u00edculos, rotulaci\u00f3n y decoraci\u00f3n de oficinas, PLV &#8230;<\/p>\n<p>Pide <a href=\"https:\/\/www.difoprint.com\/es\/pressupost\/\" target=\"_blank\" rel=\"noopener noreferrer\">presupuesto<\/a> gratis sin ning\u00fan compromiso.<\/p>\n<\/div><\/section>\n<div style=' margin-top:5px; margin-bottom:30px;'  class='hr hr-custom hr-left hr-icon-no '><span class='hr-inner   inner-border-av-border-fat' style=' width:50px; border-color:#ffffff;' ><span class='hr-inner-style'><\/span><\/span><\/div>\n<div class='avia-gallery avia-gallery-1 avia_lazyload avia_animate_when_visible '  itemscope=\"itemscope\" itemtype=\"https:\/\/schema.org\/ImageObject\" ><div class='avia-gallery-thumb'> <a href='https:\/\/www.difoprint.com\/wp-content\/uploads\/2017\/06\/impressio-gran-format1.jpg' data-rel='gallery-1' data-prev-img='https:\/\/www.difoprint.com\/wp-content\/uploads\/2017\/06\/impressio-gran-format1-495x400.jpg' class='first_thumb lightbox ' data-onclick='1' title=''  itemprop=\"thumbnailUrl\" ><img  src='https:\/\/www.difoprint.com\/wp-content\/uploads\/2017\/06\/impressio-gran-format1-495x400.jpg' width='495' height='400'  title='' alt='impresi\u00f3n gran formato' \/><\/a> <a href='https:\/\/www.difoprint.com\/wp-content\/uploads\/2017\/06\/impressio-gran-format2-1.jpg' data-rel='gallery-1' data-prev-img='https:\/\/www.difoprint.com\/wp-content\/uploads\/2017\/06\/impressio-gran-format2-1-495x400.jpg' class='lightbox ' data-onclick='2' title=''  itemprop=\"thumbnailUrl\" ><img  src='https:\/\/www.difoprint.com\/wp-content\/uploads\/2017\/06\/impressio-gran-format2-1-495x400.jpg' width='495' height='400'  title='' alt='' \/><\/a> <a href='https:\/\/www.difoprint.com\/wp-content\/uploads\/2017\/06\/6.jpg' data-rel='gallery-1' data-prev-img='https:\/\/www.difoprint.com\/wp-content\/uploads\/2017\/06\/6-495x400.jpg' class='lightbox ' data-onclick='3' title=''  itemprop=\"thumbnailUrl\" ><img  src='https:\/\/www.difoprint.com\/wp-content\/uploads\/2017\/06\/6-495x400.jpg' width='495' height='400'  title='' alt='vinilos impresi\u00f3n gran formato' \/><\/a> <a href='https:\/\/www.difoprint.com\/wp-content\/uploads\/2017\/06\/impressio-gran-format3.jpg' data-rel='gallery-1' data-prev-img='https:\/\/www.difoprint.com\/wp-content\/uploads\/2017\/06\/impressio-gran-format3-495x400.jpg' class='lightbox ' data-onclick='4' title=''  itemprop=\"thumbnailUrl\" ><img  src='https:\/\/www.difoprint.com\/wp-content\/uploads\/2017\/06\/impressio-gran-format3-495x400.jpg' width='495' height='400'  title='' alt='' \/><\/a> <a href='https:\/\/www.difoprint.com\/wp-content\/uploads\/2017\/06\/FOTO1-OK.jpg' data-rel='gallery-1' data-prev-img='https:\/\/www.difoprint.com\/wp-content\/uploads\/2017\/06\/FOTO1-OK-495x400.jpg' class='lightbox ' data-onclick='5' title=''  itemprop=\"thumbnailUrl\" ><img  src='https:\/\/www.difoprint.com\/wp-content\/uploads\/2017\/06\/FOTO1-OK-495x400.jpg' width='495' height='400'  title='' alt='trabajos impresi\u00f3n gran formato' \/><\/a> <a href='https:\/\/www.difoprint.com\/wp-content\/uploads\/2017\/06\/impressio-gran-format5.jpg' data-rel='gallery-1' data-prev-img='https:\/\/www.difoprint.com\/wp-content\/uploads\/2017\/06\/impressio-gran-format5-495x400.jpg' class='first_thumb lightbox ' data-onclick='6' title=''  itemprop=\"thumbnailUrl\" ><img  src='https:\/\/www.difoprint.com\/wp-content\/uploads\/2017\/06\/impressio-gran-format5-495x400.jpg' width='495' height='400'  title='' alt='' \/><\/a> <a href='https:\/\/www.difoprint.com\/wp-content\/uploads\/2017\/06\/7-1030x685.jpg' data-rel='gallery-1' data-prev-img='https:\/\/www.difoprint.com\/wp-content\/uploads\/2017\/06\/7-495x400.jpg' class='lightbox ' data-onclick='7' title=''  itemprop=\"thumbnailUrl\" ><img  src='https:\/\/www.difoprint.com\/wp-content\/uploads\/2017\/06\/7-495x400.jpg' width='495' height='400'  title='' alt='' \/><\/a> <a href='https:\/\/www.difoprint.com\/wp-content\/uploads\/2017\/06\/IMG_6424-1.jpg' data-rel='gallery-1' data-prev-img='https:\/\/www.difoprint.com\/wp-content\/uploads\/2017\/06\/IMG_6424-1-495x400.jpg' class='lightbox ' data-onclick='8' title=''  itemprop=\"thumbnailUrl\" ><img  src='https:\/\/www.difoprint.com\/wp-content\/uploads\/2017\/06\/IMG_6424-1-495x400.jpg' width='495' height='400'  title='' alt='impresi\u00f3n gran formato' \/><\/a><\/div><\/div>\n","protected":false},"excerpt":{"rendered":"","protected":false},"author":1,"featured_media":0,"parent":880,"menu_order":0,"comment_status":"closed","ping_status":"closed","template":"","meta":{"footnotes":""},"class_list":["post-817","page","type-page","status-publish","hentry"],"yoast_head":"<!-- This site is optimized with the Yoast SEO plugin v27.5 - https:\/\/yoast.com\/product\/yoast-seo-wordpress\/ -->\n<title>Impresi\u00f3n Gran formato | Retulaci\u00f3n, vinilos, p\u00f3sters - Difoprint<\/title>\n<meta name=\"description\" content=\"La impresi\u00f3n gran formato tiene una gran variedad de posibilidades como, adhesivos, vinilos, rotulaci\u00f3n, p\u00f3sters. \u00a1Pide presupuesto ahora!\" \/>\n<meta name=\"robots\" content=\"index, follow, max-snippet:-1, max-image-preview:large, max-video-preview:-1\" \/>\n<link rel=\"canonical\" href=\"https:\/\/www.difoprint.com\/es\/serveis\/impresion-gran-formato\/\" \/>\n<meta property=\"og:locale\" content=\"es_ES\" \/>\n<meta property=\"og:type\" content=\"article\" \/>\n<meta property=\"og:title\" content=\"Impresi\u00f3n Gran formato | Retulaci\u00f3n, vinilos, p\u00f3sters - Difoprint\" \/>\n<meta property=\"og:description\" content=\"La impresi\u00f3n gran formato tiene una gran variedad de posibilidades como, adhesivos, vinilos, rotulaci\u00f3n, p\u00f3sters. \u00a1Pide presupuesto ahora!\" \/>\n<meta property=\"og:url\" content=\"https:\/\/www.difoprint.com\/es\/serveis\/impresion-gran-formato\/\" \/>\n<meta property=\"og:site_name\" content=\"Difoprint\" \/>\n<meta property=\"article:modified_time\" content=\"2019-06-18T08:12:25+00:00\" \/>\n<meta name=\"twitter:card\" content=\"summary_large_image\" \/>\n<meta name=\"twitter:label1\" content=\"Tiempo de lectura\" \/>\n\t<meta name=\"twitter:data1\" content=\"3 minutos\" \/>\n<script type=\"application\/ld+json\" class=\"yoast-schema-graph\">{\"@context\":\"https:\\\/\\\/schema.org\",\"@graph\":[{\"@type\":\"WebPage\",\"@id\":\"https:\\\/\\\/www.difoprint.com\\\/es\\\/serveis\\\/impresion-gran-formato\\\/\",\"url\":\"https:\\\/\\\/www.difoprint.com\\\/es\\\/serveis\\\/impresion-gran-formato\\\/\",\"name\":\"Impresi\u00f3n Gran formato | Retulaci\u00f3n, vinilos, p\u00f3sters - Difoprint\",\"isPartOf\":{\"@id\":\"https:\\\/\\\/www.difoprint.com\\\/es\\\/#website\"},\"datePublished\":\"2017-06-28T17:58:36+00:00\",\"dateModified\":\"2019-06-18T08:12:25+00:00\",\"description\":\"La impresi\u00f3n gran formato tiene una gran variedad de posibilidades como, adhesivos, vinilos, rotulaci\u00f3n, p\u00f3sters. \u00a1Pide presupuesto ahora!\",\"breadcrumb\":{\"@id\":\"https:\\\/\\\/www.difoprint.com\\\/es\\\/serveis\\\/impresion-gran-formato\\\/#breadcrumb\"},\"inLanguage\":\"es\",\"potentialAction\":[{\"@type\":\"ReadAction\",\"target\":[\"https:\\\/\\\/www.difoprint.com\\\/es\\\/serveis\\\/impresion-gran-formato\\\/\"]}]},{\"@type\":\"BreadcrumbList\",\"@id\":\"https:\\\/\\\/www.difoprint.com\\\/es\\\/serveis\\\/impresion-gran-formato\\\/#breadcrumb\",\"itemListElement\":[{\"@type\":\"ListItem\",\"position\":1,\"name\":\"Inici\",\"item\":\"https:\\\/\\\/www.difoprint.com\\\/es\\\/\"},{\"@type\":\"ListItem\",\"position\":2,\"name\":\"Servicios\",\"item\":\"https:\\\/\\\/www.difoprint.com\\\/es\\\/serveis\\\/\"},{\"@type\":\"ListItem\",\"position\":3,\"name\":\"Impresi\u00f3n Gran formato\"}]},{\"@type\":\"WebSite\",\"@id\":\"https:\\\/\\\/www.difoprint.com\\\/es\\\/#website\",\"url\":\"https:\\\/\\\/www.difoprint.com\\\/es\\\/\",\"name\":\"Difoprint\",\"description\":\"Arts gr\u00e0fiques\",\"potentialAction\":[{\"@type\":\"SearchAction\",\"target\":{\"@type\":\"EntryPoint\",\"urlTemplate\":\"https:\\\/\\\/www.difoprint.com\\\/es\\\/?s={search_term_string}\"},\"query-input\":{\"@type\":\"PropertyValueSpecification\",\"valueRequired\":true,\"valueName\":\"search_term_string\"}}],\"inLanguage\":\"es\"}]}<\/script>\n<!-- \/ Yoast SEO plugin. -->","yoast_head_json":{"title":"Impresi\u00f3n Gran formato | Retulaci\u00f3n, vinilos, p\u00f3sters - Difoprint","description":"La impresi\u00f3n gran formato tiene una gran variedad de posibilidades como, adhesivos, vinilos, rotulaci\u00f3n, p\u00f3sters. \u00a1Pide presupuesto ahora!","robots":{"index":"index","follow":"follow","max-snippet":"max-snippet:-1","max-image-preview":"max-image-preview:large","max-video-preview":"max-video-preview:-1"},"canonical":"https:\/\/www.difoprint.com\/es\/serveis\/impresion-gran-formato\/","og_locale":"es_ES","og_type":"article","og_title":"Impresi\u00f3n Gran formato | Retulaci\u00f3n, vinilos, p\u00f3sters - Difoprint","og_description":"La impresi\u00f3n gran formato tiene una gran variedad de posibilidades como, adhesivos, vinilos, rotulaci\u00f3n, p\u00f3sters. \u00a1Pide presupuesto ahora!","og_url":"https:\/\/www.difoprint.com\/es\/serveis\/impresion-gran-formato\/","og_site_name":"Difoprint","article_modified_time":"2019-06-18T08:12:25+00:00","twitter_card":"summary_large_image","twitter_misc":{"Tiempo de lectura":"3 minutos"},"schema":{"@context":"https:\/\/schema.org","@graph":[{"@type":"WebPage","@id":"https:\/\/www.difoprint.com\/es\/serveis\/impresion-gran-formato\/","url":"https:\/\/www.difoprint.com\/es\/serveis\/impresion-gran-formato\/","name":"Impresi\u00f3n Gran formato | Retulaci\u00f3n, vinilos, p\u00f3sters - Difoprint","isPartOf":{"@id":"https:\/\/www.difoprint.com\/es\/#website"},"datePublished":"2017-06-28T17:58:36+00:00","dateModified":"2019-06-18T08:12:25+00:00","description":"La impresi\u00f3n gran formato tiene una gran variedad de posibilidades como, adhesivos, vinilos, rotulaci\u00f3n, p\u00f3sters. \u00a1Pide presupuesto ahora!","breadcrumb":{"@id":"https:\/\/www.difoprint.com\/es\/serveis\/impresion-gran-formato\/#breadcrumb"},"inLanguage":"es","potentialAction":[{"@type":"ReadAction","target":["https:\/\/www.difoprint.com\/es\/serveis\/impresion-gran-formato\/"]}]},{"@type":"BreadcrumbList","@id":"https:\/\/www.difoprint.com\/es\/serveis\/impresion-gran-formato\/#breadcrumb","itemListElement":[{"@type":"ListItem","position":1,"name":"Inici","item":"https:\/\/www.difoprint.com\/es\/"},{"@type":"ListItem","position":2,"name":"Servicios","item":"https:\/\/www.difoprint.com\/es\/serveis\/"},{"@type":"ListItem","position":3,"name":"Impresi\u00f3n Gran formato"}]},{"@type":"WebSite","@id":"https:\/\/www.difoprint.com\/es\/#website","url":"https:\/\/www.difoprint.com\/es\/","name":"Difoprint","description":"Arts gr\u00e0fiques","potentialAction":[{"@type":"SearchAction","target":{"@type":"EntryPoint","urlTemplate":"https:\/\/www.difoprint.com\/es\/?s={search_term_string}"},"query-input":{"@type":"PropertyValueSpecification","valueRequired":true,"valueName":"search_term_string"}}],"inLanguage":"es"}]}},"_links":{"self":[{"href":"https:\/\/www.difoprint.com\/es\/wp-json\/wp\/v2\/pages\/817","targetHints":{"allow":["GET"]}}],"collection":[{"href":"https:\/\/www.difoprint.com\/es\/wp-json\/wp\/v2\/pages"}],"about":[{"href":"https:\/\/www.difoprint.com\/es\/wp-json\/wp\/v2\/types\/page"}],"author":[{"embeddable":true,"href":"https:\/\/www.difoprint.com\/es\/wp-json\/wp\/v2\/users\/1"}],"replies":[{"embeddable":true,"href":"https:\/\/www.difoprint.com\/es\/wp-json\/wp\/v2\/comments?post=817"}],"version-history":[{"count":0,"href":"https:\/\/www.difoprint.com\/es\/wp-json\/wp\/v2\/pages\/817\/revisions"}],"up":[{"embeddable":true,"href":"https:\/\/www.difoprint.com\/es\/wp-json\/wp\/v2\/pages\/880"}],"wp:attachment":[{"href":"https:\/\/www.difoprint.com\/es\/wp-json\/wp\/v2\/media?parent=817"}],"curies":[{"name":"wp","href":"https:\/\/api.w.org\/{rel}","templated":true}]}}