{"id":813,"date":"2017-06-29T09:59:35","date_gmt":"2017-06-29T08:59:35","guid":{"rendered":"http:\/\/www.difoprint.com\/senyalitzacio-i-retolacio\/"},"modified":"2019-06-18T09:29:53","modified_gmt":"2019-06-18T08:29:53","slug":"senyalitzacio-i-retolacio","status":"publish","type":"page","link":"https:\/\/www.difoprint.com\/es\/serveis\/senyalitzacio-i-retolacio\/","title":{"rendered":"Se\u00f1alizaci\u00f3n y rotulaci\u00f3n"},"content":{"rendered":"<\/div><\/div><\/div><!-- close content main div --><\/div><\/div><div id='full_slider_1' class='avia-fullwidth-slider main_color avia-shadow  container_wrap sidebar_right'   ><div  data-size='featured_large'  data-lightbox_size='large'  data-animation='fade'  data-ids='1372'  data-video_counter='0'  data-autoplay='true'  data-bg_slider='false'  data-slide_height=''  data-handle='av_slideshow_full'  data-interval='5'  data-class=' '  data-css_id=''  data-scroll_down=''  data-control_layout='av-control-hidden'  data-custom_markup=''  data-perma_caption=''  data-autoplay_stopper=''  data-image_attachment=''  data-min_height='0px'  data-src=''  data-position='top left'  data-repeat='no-repeat'  data-attach='scroll'  data-stretch=''  data-default-height='42'  class='avia-slideshow avia-slideshow-1  av-control-hidden av-default-height-applied avia-slideshow-featured_large av_slideshow_full   avia-fade-slider '  itemscope=\"itemscope\" itemtype=\"https:\/\/schema.org\/ImageObject\" ><ul class='avia-slideshow-inner' style='padding-bottom: 27.333333333333%;'><li  class=' av-single-slide slide-1 ' ><div data-rel='slideshow-1' class='avia-slide-wrap'  ><img src='https:\/\/www.difoprint.com\/wp-content\/uploads\/2017\/06\/g-senyalitzaci\u00f3-1500x410.png' width='1500' height='410' title='g-senyalitzaci\u00f3' alt=''  itemprop=\"thumbnailUrl\"   \/><\/div><\/li><\/ul><\/div><\/div>\n<div class=\"flex_column av_one_full  flex_column_div av-zero-column-padding first  \" style='border-radius:0px; '><p><div style='padding-bottom:0px;' class='av-special-heading av-special-heading-h2  blockquote modern-quote '><h2 class='av-special-heading-tag'  itemprop=\"headline\"  >SE\u00d1ALITZACI\u00d3N Y ROTULACI\u00d3N<\/h2><div class='special-heading-border'><div class='special-heading-inner-border' ><\/div><\/div><\/div><br \/>\n<div style=' margin-top:5px; margin-bottom:30px;'  class='hr hr-custom hr-left hr-icon-no '><span class='hr-inner   inner-border-av-border-fat' style=' width:50px; border-color:#d90000;' ><span class='hr-inner-style'><\/span><\/span><\/div><\/p><\/div>\n<section class=\"av_textblock_section\"  itemscope=\"itemscope\" itemtype=\"https:\/\/schema.org\/CreativeWork\" ><div class='avia_textblock '   itemprop=\"text\" ><p>Realizamos proyectos de decoraci\u00f3n y rotulaci\u00f3n de tiendas, oficinas, empresas y naves industriales. Tenemos una gran variedad de soportes para adaptarse a sus preferencias y necesidades. Tambi\u00e9n rotulamos veh\u00edculos de empresa y decoramos oficinas y establecimientos comerciales a partir del dise\u00f1o de su imagen corporativa.<\/p>\n<p>Trabajamos con rotulaciones adaptadas a las necesidades corporativas como publicitarias de nuestros clientes. Adem\u00e1s, os acompa\u00f1amos en todo el proceso, desde el proyecto inicial hasta el montaje de los elementos decorativos, y os aconsejamos sobre las mejores soluciones para hacer realidad su idea.<\/p>\n<ul>\n<li>Carteles y p\u00f3sters<\/li>\n<li>R\u00f3tulos<\/li>\n<li>Rotulaci\u00f3n de veh\u00edculos de empresa<\/li>\n<li>Decoraci\u00f3n de oficinas, tiendas, empresas y naves industriales<\/li>\n<li>Escaparates<\/li>\n<\/ul>\n<p>Pide <a href=\"https:\/\/www.difoprint.com\/es\/pressupost\/\" target=\"_blank\" rel=\"noopener noreferrer\">presupuesto<\/a> gratis sin ning\u00fan compromiso.<\/p>\n<\/div><\/section>\n<div style=' margin-top:5px; margin-bottom:30px;'  class='hr hr-custom hr-left hr-icon-no '><span class='hr-inner   inner-border-av-border-fat' style=' width:50px; border-color:rgba(255,255,255,0.01);' ><span class='hr-inner-style'><\/span><\/span><\/div>\n<section class=\"av_textblock_section\"  itemscope=\"itemscope\" itemtype=\"https:\/\/schema.org\/CreativeWork\" ><div class='avia_textblock '   itemprop=\"text\" ><p><strong>Acabados<\/strong><\/p>\n<\/div><\/section>\n<div style=' margin-top:-20px; margin-bottom:10px;'  class='hr hr-custom hr-left hr-icon-no '><span class='hr-inner   inner-border-av-border-fat' style=' width:50px; border-color:#d90000;' ><span class='hr-inner-style'><\/span><\/span><\/div>\n<div class='avia-gallery avia-gallery-1 avia_lazyload avia_animate_when_visible '  itemscope=\"itemscope\" itemtype=\"https:\/\/schema.org\/ImageObject\" ><div class='avia-gallery-thumb'> <a href='https:\/\/www.difoprint.com\/wp-content\/uploads\/2017\/06\/retolacio-i-decoracio2.jpg' data-rel='gallery-1' data-prev-img='https:\/\/www.difoprint.com\/wp-content\/uploads\/2017\/06\/retolacio-i-decoracio2-495x400.jpg' class='first_thumb lightbox ' data-onclick='1' title=''  itemprop=\"thumbnailUrl\" ><img  src='https:\/\/www.difoprint.com\/wp-content\/uploads\/2017\/06\/retolacio-i-decoracio2-495x400.jpg' width='495' height='400'  title='' alt='' \/><\/a> <a href='https:\/\/www.difoprint.com\/wp-content\/uploads\/2017\/06\/retolacio-i-decoracio3.jpg' data-rel='gallery-1' data-prev-img='https:\/\/www.difoprint.com\/wp-content\/uploads\/2017\/06\/retolacio-i-decoracio3-495x400.jpg' class='lightbox ' data-onclick='2' title=''  itemprop=\"thumbnailUrl\" ><img  src='https:\/\/www.difoprint.com\/wp-content\/uploads\/2017\/06\/retolacio-i-decoracio3-495x400.jpg' width='495' height='400'  title='' alt='' \/><\/a> <a href='https:\/\/www.difoprint.com\/wp-content\/uploads\/2017\/06\/retolacio-i-decoracio7.jpg' data-rel='gallery-1' data-prev-img='https:\/\/www.difoprint.com\/wp-content\/uploads\/2017\/06\/retolacio-i-decoracio7-495x400.jpg' class='lightbox ' data-onclick='3' title=''  itemprop=\"thumbnailUrl\" ><img  src='https:\/\/www.difoprint.com\/wp-content\/uploads\/2017\/06\/retolacio-i-decoracio7-495x400.jpg' width='495' height='400'  title='' alt='' \/><\/a> <a href='https:\/\/www.difoprint.com\/wp-content\/uploads\/2017\/06\/retolacio-i-decoracio10.jpg' data-rel='gallery-1' data-prev-img='https:\/\/www.difoprint.com\/wp-content\/uploads\/2017\/06\/retolacio-i-decoracio10-495x400.jpg' class='lightbox ' data-onclick='4' title=''  itemprop=\"thumbnailUrl\" ><img  src='https:\/\/www.difoprint.com\/wp-content\/uploads\/2017\/06\/retolacio-i-decoracio10-495x400.jpg' width='495' height='400'  title='' alt='' \/><\/a> <a href='https:\/\/www.difoprint.com\/wp-content\/uploads\/2017\/06\/retolacio-i-decoracio8-1.jpg' data-rel='gallery-1' data-prev-img='https:\/\/www.difoprint.com\/wp-content\/uploads\/2017\/06\/retolacio-i-decoracio8-1-495x400.jpg' class='lightbox ' data-onclick='5' title=''  itemprop=\"thumbnailUrl\" ><img  src='https:\/\/www.difoprint.com\/wp-content\/uploads\/2017\/06\/retolacio-i-decoracio8-1-495x400.jpg' width='495' height='400'  title='' alt='' \/><\/a> <a href='https:\/\/www.difoprint.com\/wp-content\/uploads\/2017\/06\/retolacio-i-decoracio6-1.jpg' data-rel='gallery-1' data-prev-img='https:\/\/www.difoprint.com\/wp-content\/uploads\/2017\/06\/retolacio-i-decoracio6-1-495x400.jpg' class='first_thumb lightbox ' data-onclick='6' title=''  itemprop=\"thumbnailUrl\" ><img  src='https:\/\/www.difoprint.com\/wp-content\/uploads\/2017\/06\/retolacio-i-decoracio6-1-495x400.jpg' width='495' height='400'  title='' alt='' \/><\/a> <a href='https:\/\/www.difoprint.com\/wp-content\/uploads\/2017\/06\/16.jpg' data-rel='gallery-1' data-prev-img='https:\/\/www.difoprint.com\/wp-content\/uploads\/2017\/06\/16-495x400.jpg' class='lightbox ' data-onclick='7' title=''  itemprop=\"thumbnailUrl\" ><img  src='https:\/\/www.difoprint.com\/wp-content\/uploads\/2017\/06\/16-495x400.jpg' width='495' height='400'  title='' alt='' \/><\/a> <a href='https:\/\/www.difoprint.com\/wp-content\/uploads\/2017\/06\/retolacio-i-decoracio5-1.jpg' data-rel='gallery-1' data-prev-img='https:\/\/www.difoprint.com\/wp-content\/uploads\/2017\/06\/retolacio-i-decoracio5-1-495x400.jpg' class='lightbox ' data-onclick='8' title=''  itemprop=\"thumbnailUrl\" ><img  src='https:\/\/www.difoprint.com\/wp-content\/uploads\/2017\/06\/retolacio-i-decoracio5-1-495x400.jpg' width='495' height='400'  title='' alt='' \/><\/a> <a href='https:\/\/www.difoprint.com\/wp-content\/uploads\/2017\/06\/retolacio-i-decoracio4-1.jpg' data-rel='gallery-1' data-prev-img='https:\/\/www.difoprint.com\/wp-content\/uploads\/2017\/06\/retolacio-i-decoracio4-1-495x400.jpg' class='lightbox ' data-onclick='9' title=''  itemprop=\"thumbnailUrl\" ><img  src='https:\/\/www.difoprint.com\/wp-content\/uploads\/2017\/06\/retolacio-i-decoracio4-1-495x400.jpg' width='495' height='400'  title='' alt='' \/><\/a> <a href='https:\/\/www.difoprint.com\/wp-content\/uploads\/2017\/06\/retolacio-i-decoracio1-1.jpg' data-rel='gallery-1' data-prev-img='https:\/\/www.difoprint.com\/wp-content\/uploads\/2017\/06\/retolacio-i-decoracio1-1-495x400.jpg' class='lightbox ' data-onclick='10' title=''  itemprop=\"thumbnailUrl\" ><img  src='https:\/\/www.difoprint.com\/wp-content\/uploads\/2017\/06\/retolacio-i-decoracio1-1-495x400.jpg' width='495' height='400'  title='' alt='' \/><\/a> <a href='https:\/\/www.difoprint.com\/wp-content\/uploads\/2017\/06\/retolacio-i-decoracio11.jpg' data-rel='gallery-1' data-prev-img='https:\/\/www.difoprint.com\/wp-content\/uploads\/2017\/06\/retolacio-i-decoracio11-495x400.jpg' class='first_thumb lightbox ' data-onclick='11' title=''  itemprop=\"thumbnailUrl\" ><img  src='https:\/\/www.difoprint.com\/wp-content\/uploads\/2017\/06\/retolacio-i-decoracio11-495x400.jpg' width='495' height='400'  title='' alt='' \/><\/a> <a href='https:\/\/www.difoprint.com\/wp-content\/uploads\/2017\/06\/10.jpg' data-rel='gallery-1' data-prev-img='https:\/\/www.difoprint.com\/wp-content\/uploads\/2017\/06\/10-495x400.jpg' class='lightbox ' data-onclick='12' title=''  itemprop=\"thumbnailUrl\" ><img  src='https:\/\/www.difoprint.com\/wp-content\/uploads\/2017\/06\/10-495x400.jpg' width='495' height='400'  title='' alt='' \/><\/a> <a href='https:\/\/www.difoprint.com\/wp-content\/uploads\/2017\/06\/11.jpg' data-rel='gallery-1' data-prev-img='https:\/\/www.difoprint.com\/wp-content\/uploads\/2017\/06\/11-495x400.jpg' class='lightbox ' data-onclick='13' title=''  itemprop=\"thumbnailUrl\" ><img  src='https:\/\/www.difoprint.com\/wp-content\/uploads\/2017\/06\/11-495x400.jpg' width='495' height='400'  title='' alt='' \/><\/a><\/div><\/div>\n","protected":false},"excerpt":{"rendered":"","protected":false},"author":1,"featured_media":0,"parent":880,"menu_order":0,"comment_status":"closed","ping_status":"closed","template":"","meta":{"footnotes":""},"class_list":["post-813","page","type-page","status-publish","hentry"],"yoast_head":"<!-- This site is optimized with the Yoast SEO plugin v27.5 - https:\/\/yoast.com\/product\/yoast-seo-wordpress\/ -->\n<title>Se\u00f1alizaci\u00f3n y rotulaci\u00f3n - Difoprint<\/title>\n<meta name=\"robots\" content=\"index, follow, max-snippet:-1, max-image-preview:large, max-video-preview:-1\" \/>\n<link rel=\"canonical\" href=\"https:\/\/www.difoprint.com\/es\/serveis\/senyalitzacio-i-retolacio\/\" \/>\n<meta property=\"og:locale\" content=\"es_ES\" \/>\n<meta property=\"og:type\" content=\"article\" \/>\n<meta property=\"og:title\" content=\"Se\u00f1alizaci\u00f3n y rotulaci\u00f3n - Difoprint\" \/>\n<meta property=\"og:url\" content=\"https:\/\/www.difoprint.com\/es\/serveis\/senyalitzacio-i-retolacio\/\" \/>\n<meta property=\"og:site_name\" content=\"Difoprint\" \/>\n<meta property=\"article:modified_time\" content=\"2019-06-18T08:29:53+00:00\" \/>\n<meta name=\"twitter:card\" content=\"summary_large_image\" \/>\n<meta name=\"twitter:label1\" content=\"Tiempo de lectura\" \/>\n\t<meta name=\"twitter:data1\" content=\"3 minutos\" \/>\n<script type=\"application\/ld+json\" class=\"yoast-schema-graph\">{\"@context\":\"https:\\\/\\\/schema.org\",\"@graph\":[{\"@type\":\"WebPage\",\"@id\":\"https:\\\/\\\/www.difoprint.com\\\/es\\\/serveis\\\/senyalitzacio-i-retolacio\\\/\",\"url\":\"https:\\\/\\\/www.difoprint.com\\\/es\\\/serveis\\\/senyalitzacio-i-retolacio\\\/\",\"name\":\"Se\u00f1alizaci\u00f3n y rotulaci\u00f3n - Difoprint\",\"isPartOf\":{\"@id\":\"https:\\\/\\\/www.difoprint.com\\\/es\\\/#website\"},\"datePublished\":\"2017-06-29T08:59:35+00:00\",\"dateModified\":\"2019-06-18T08:29:53+00:00\",\"breadcrumb\":{\"@id\":\"https:\\\/\\\/www.difoprint.com\\\/es\\\/serveis\\\/senyalitzacio-i-retolacio\\\/#breadcrumb\"},\"inLanguage\":\"es\",\"potentialAction\":[{\"@type\":\"ReadAction\",\"target\":[\"https:\\\/\\\/www.difoprint.com\\\/es\\\/serveis\\\/senyalitzacio-i-retolacio\\\/\"]}]},{\"@type\":\"BreadcrumbList\",\"@id\":\"https:\\\/\\\/www.difoprint.com\\\/es\\\/serveis\\\/senyalitzacio-i-retolacio\\\/#breadcrumb\",\"itemListElement\":[{\"@type\":\"ListItem\",\"position\":1,\"name\":\"Inici\",\"item\":\"https:\\\/\\\/www.difoprint.com\\\/es\\\/\"},{\"@type\":\"ListItem\",\"position\":2,\"name\":\"Servicios\",\"item\":\"https:\\\/\\\/www.difoprint.com\\\/es\\\/serveis\\\/\"},{\"@type\":\"ListItem\",\"position\":3,\"name\":\"Se\u00f1alizaci\u00f3n y rotulaci\u00f3n\"}]},{\"@type\":\"WebSite\",\"@id\":\"https:\\\/\\\/www.difoprint.com\\\/es\\\/#website\",\"url\":\"https:\\\/\\\/www.difoprint.com\\\/es\\\/\",\"name\":\"Difoprint\",\"description\":\"Arts gr\u00e0fiques\",\"potentialAction\":[{\"@type\":\"SearchAction\",\"target\":{\"@type\":\"EntryPoint\",\"urlTemplate\":\"https:\\\/\\\/www.difoprint.com\\\/es\\\/?s={search_term_string}\"},\"query-input\":{\"@type\":\"PropertyValueSpecification\",\"valueRequired\":true,\"valueName\":\"search_term_string\"}}],\"inLanguage\":\"es\"}]}<\/script>\n<!-- \/ Yoast SEO plugin. -->","yoast_head_json":{"title":"Se\u00f1alizaci\u00f3n y rotulaci\u00f3n - Difoprint","robots":{"index":"index","follow":"follow","max-snippet":"max-snippet:-1","max-image-preview":"max-image-preview:large","max-video-preview":"max-video-preview:-1"},"canonical":"https:\/\/www.difoprint.com\/es\/serveis\/senyalitzacio-i-retolacio\/","og_locale":"es_ES","og_type":"article","og_title":"Se\u00f1alizaci\u00f3n y rotulaci\u00f3n - Difoprint","og_url":"https:\/\/www.difoprint.com\/es\/serveis\/senyalitzacio-i-retolacio\/","og_site_name":"Difoprint","article_modified_time":"2019-06-18T08:29:53+00:00","twitter_card":"summary_large_image","twitter_misc":{"Tiempo de lectura":"3 minutos"},"schema":{"@context":"https:\/\/schema.org","@graph":[{"@type":"WebPage","@id":"https:\/\/www.difoprint.com\/es\/serveis\/senyalitzacio-i-retolacio\/","url":"https:\/\/www.difoprint.com\/es\/serveis\/senyalitzacio-i-retolacio\/","name":"Se\u00f1alizaci\u00f3n y rotulaci\u00f3n - Difoprint","isPartOf":{"@id":"https:\/\/www.difoprint.com\/es\/#website"},"datePublished":"2017-06-29T08:59:35+00:00","dateModified":"2019-06-18T08:29:53+00:00","breadcrumb":{"@id":"https:\/\/www.difoprint.com\/es\/serveis\/senyalitzacio-i-retolacio\/#breadcrumb"},"inLanguage":"es","potentialAction":[{"@type":"ReadAction","target":["https:\/\/www.difoprint.com\/es\/serveis\/senyalitzacio-i-retolacio\/"]}]},{"@type":"BreadcrumbList","@id":"https:\/\/www.difoprint.com\/es\/serveis\/senyalitzacio-i-retolacio\/#breadcrumb","itemListElement":[{"@type":"ListItem","position":1,"name":"Inici","item":"https:\/\/www.difoprint.com\/es\/"},{"@type":"ListItem","position":2,"name":"Servicios","item":"https:\/\/www.difoprint.com\/es\/serveis\/"},{"@type":"ListItem","position":3,"name":"Se\u00f1alizaci\u00f3n y rotulaci\u00f3n"}]},{"@type":"WebSite","@id":"https:\/\/www.difoprint.com\/es\/#website","url":"https:\/\/www.difoprint.com\/es\/","name":"Difoprint","description":"Arts gr\u00e0fiques","potentialAction":[{"@type":"SearchAction","target":{"@type":"EntryPoint","urlTemplate":"https:\/\/www.difoprint.com\/es\/?s={search_term_string}"},"query-input":{"@type":"PropertyValueSpecification","valueRequired":true,"valueName":"search_term_string"}}],"inLanguage":"es"}]}},"_links":{"self":[{"href":"https:\/\/www.difoprint.com\/es\/wp-json\/wp\/v2\/pages\/813","targetHints":{"allow":["GET"]}}],"collection":[{"href":"https:\/\/www.difoprint.com\/es\/wp-json\/wp\/v2\/pages"}],"about":[{"href":"https:\/\/www.difoprint.com\/es\/wp-json\/wp\/v2\/types\/page"}],"author":[{"embeddable":true,"href":"https:\/\/www.difoprint.com\/es\/wp-json\/wp\/v2\/users\/1"}],"replies":[{"embeddable":true,"href":"https:\/\/www.difoprint.com\/es\/wp-json\/wp\/v2\/comments?post=813"}],"version-history":[{"count":0,"href":"https:\/\/www.difoprint.com\/es\/wp-json\/wp\/v2\/pages\/813\/revisions"}],"up":[{"embeddable":true,"href":"https:\/\/www.difoprint.com\/es\/wp-json\/wp\/v2\/pages\/880"}],"wp:attachment":[{"href":"https:\/\/www.difoprint.com\/es\/wp-json\/wp\/v2\/media?parent=813"}],"curies":[{"name":"wp","href":"https:\/\/api.w.org\/{rel}","templated":true}]}}