{"id":810,"date":"2017-06-29T10:00:15","date_gmt":"2017-06-29T09:00:15","guid":{"rendered":"http:\/\/www.difoprint.com\/album-fotografic\/"},"modified":"2019-06-11T10:35:33","modified_gmt":"2019-06-11T09:35:33","slug":"album-digital-personalizado","status":"publish","type":"page","link":"https:\/\/www.difoprint.com\/es\/serveis\/album-digital-personalizado\/","title":{"rendered":"\u00c1lbum fotogr\u00e1fico"},"content":{"rendered":"<\/div><\/div><\/div><!-- close content main div --><\/div><\/div><div id='full_slider_1' class='avia-fullwidth-slider main_color avia-shadow  container_wrap sidebar_right'   ><div  data-size='featured_large'  data-lightbox_size='large'  data-animation='fade'  data-ids='392'  data-video_counter='0'  data-autoplay='true'  data-bg_slider='false'  data-slide_height=''  data-handle='av_slideshow_full'  data-interval='5'  data-class=' '  data-css_id=''  data-scroll_down=''  data-control_layout='av-control-hidden'  data-custom_markup=''  data-perma_caption=''  data-autoplay_stopper=''  data-image_attachment=''  data-min_height='0px'  data-src=''  data-position='top left'  data-repeat='no-repeat'  data-attach='scroll'  data-stretch=''  data-default-height='42'  class='avia-slideshow avia-slideshow-1  av-control-hidden av-default-height-applied avia-slideshow-featured_large av_slideshow_full   avia-fade-slider '  itemscope=\"itemscope\" itemtype=\"https:\/\/schema.org\/ImageObject\" ><ul class='avia-slideshow-inner' style='padding-bottom: 27.333333333333%;'><li  class=' av-single-slide slide-1 ' ><div data-rel='slideshow-1' class='avia-slide-wrap'  ><img src='https:\/\/www.difoprint.com\/wp-content\/uploads\/2017\/06\/foto-empresa1b-1500x410.jpg' width='1500' height='410' title='foto-empresa1b' alt=''  itemprop=\"thumbnailUrl\"   \/><\/div><\/li><\/ul><\/div><\/div>\n<div class=\"flex_column av_one_full  flex_column_div av-zero-column-padding first  \" style='border-radius:0px; '><p><div style='padding-bottom:0px;' class='av-special-heading av-special-heading-h2  blockquote modern-quote '><h2 class='av-special-heading-tag'  itemprop=\"headline\"  >\u00c1LBUM FOTOGR\u00c1FICO<\/h2><div class='special-heading-border'><div class='special-heading-inner-border' ><\/div><\/div><\/div><br \/>\n<div style=' margin-top:5px; margin-bottom:30px;'  class='hr hr-custom hr-left hr-icon-no '><span class='hr-inner   inner-border-av-border-fat' style=' width:50px; border-color:#d90000;' ><span class='hr-inner-style'><\/span><\/span><\/div><\/p><\/div>\n","protected":false},"excerpt":{"rendered":"","protected":false},"author":1,"featured_media":0,"parent":880,"menu_order":0,"comment_status":"closed","ping_status":"closed","template":"","meta":{"footnotes":""},"class_list":["post-810","page","type-page","status-publish","hentry"],"yoast_head":"<!-- This site is optimized with the Yoast SEO plugin v27.3 - https:\/\/yoast.com\/product\/yoast-seo-wordpress\/ -->\n<title>Crea un \u00e1lbum digital de fotos personalizado | Difoprint<\/title>\n<meta name=\"description\" content=\"Crea tu \u00e1lbum digital de fotos personalizado online con tus mejores im\u00e1genes de recuerdos de familia y amigos. \u00a1Empieza ahora!\" \/>\n<meta name=\"robots\" content=\"index, follow, max-snippet:-1, max-image-preview:large, max-video-preview:-1\" \/>\n<link rel=\"canonical\" href=\"https:\/\/www.difoprint.com\/es\/serveis\/album-digital-personalizado\/\" \/>\n<meta property=\"og:locale\" content=\"es_ES\" \/>\n<meta property=\"og:type\" content=\"article\" \/>\n<meta property=\"og:title\" content=\"Crea un \u00e1lbum digital de fotos personalizado | Difoprint\" \/>\n<meta property=\"og:description\" content=\"Crea tu \u00e1lbum digital de fotos personalizado online con tus mejores im\u00e1genes de recuerdos de familia y amigos. \u00a1Empieza ahora!\" \/>\n<meta property=\"og:url\" content=\"https:\/\/www.difoprint.com\/es\/serveis\/album-digital-personalizado\/\" \/>\n<meta property=\"og:site_name\" content=\"Difoprint\" \/>\n<meta property=\"article:modified_time\" content=\"2019-06-11T09:35:33+00:00\" \/>\n<meta name=\"twitter:card\" content=\"summary_large_image\" \/>\n<meta name=\"twitter:label1\" content=\"Tiempo de lectura\" \/>\n\t<meta name=\"twitter:data1\" content=\"1 minuto\" \/>\n<script type=\"application\/ld+json\" class=\"yoast-schema-graph\">{\"@context\":\"https:\\\/\\\/schema.org\",\"@graph\":[{\"@type\":\"WebPage\",\"@id\":\"https:\\\/\\\/www.difoprint.com\\\/es\\\/serveis\\\/album-digital-personalizado\\\/\",\"url\":\"https:\\\/\\\/www.difoprint.com\\\/es\\\/serveis\\\/album-digital-personalizado\\\/\",\"name\":\"Crea un \u00e1lbum digital de fotos personalizado | Difoprint\",\"isPartOf\":{\"@id\":\"https:\\\/\\\/www.difoprint.com\\\/es\\\/#website\"},\"datePublished\":\"2017-06-29T09:00:15+00:00\",\"dateModified\":\"2019-06-11T09:35:33+00:00\",\"description\":\"Crea tu \u00e1lbum digital de fotos personalizado online con tus mejores im\u00e1genes de recuerdos de familia y amigos. \u00a1Empieza ahora!\",\"breadcrumb\":{\"@id\":\"https:\\\/\\\/www.difoprint.com\\\/es\\\/serveis\\\/album-digital-personalizado\\\/#breadcrumb\"},\"inLanguage\":\"es\",\"potentialAction\":[{\"@type\":\"ReadAction\",\"target\":[\"https:\\\/\\\/www.difoprint.com\\\/es\\\/serveis\\\/album-digital-personalizado\\\/\"]}]},{\"@type\":\"BreadcrumbList\",\"@id\":\"https:\\\/\\\/www.difoprint.com\\\/es\\\/serveis\\\/album-digital-personalizado\\\/#breadcrumb\",\"itemListElement\":[{\"@type\":\"ListItem\",\"position\":1,\"name\":\"Inici\",\"item\":\"https:\\\/\\\/www.difoprint.com\\\/es\\\/\"},{\"@type\":\"ListItem\",\"position\":2,\"name\":\"Servicios\",\"item\":\"https:\\\/\\\/www.difoprint.com\\\/es\\\/serveis\\\/\"},{\"@type\":\"ListItem\",\"position\":3,\"name\":\"\u00c1lbum fotogr\u00e1fico\"}]},{\"@type\":\"WebSite\",\"@id\":\"https:\\\/\\\/www.difoprint.com\\\/es\\\/#website\",\"url\":\"https:\\\/\\\/www.difoprint.com\\\/es\\\/\",\"name\":\"Difoprint\",\"description\":\"Arts gr\u00e0fiques\",\"potentialAction\":[{\"@type\":\"SearchAction\",\"target\":{\"@type\":\"EntryPoint\",\"urlTemplate\":\"https:\\\/\\\/www.difoprint.com\\\/es\\\/?s={search_term_string}\"},\"query-input\":{\"@type\":\"PropertyValueSpecification\",\"valueRequired\":true,\"valueName\":\"search_term_string\"}}],\"inLanguage\":\"es\"}]}<\/script>\n<!-- \/ Yoast SEO plugin. -->","yoast_head_json":{"title":"Crea un \u00e1lbum digital de fotos personalizado | Difoprint","description":"Crea tu \u00e1lbum digital de fotos personalizado online con tus mejores im\u00e1genes de recuerdos de familia y amigos. \u00a1Empieza ahora!","robots":{"index":"index","follow":"follow","max-snippet":"max-snippet:-1","max-image-preview":"max-image-preview:large","max-video-preview":"max-video-preview:-1"},"canonical":"https:\/\/www.difoprint.com\/es\/serveis\/album-digital-personalizado\/","og_locale":"es_ES","og_type":"article","og_title":"Crea un \u00e1lbum digital de fotos personalizado | Difoprint","og_description":"Crea tu \u00e1lbum digital de fotos personalizado online con tus mejores im\u00e1genes de recuerdos de familia y amigos. \u00a1Empieza ahora!","og_url":"https:\/\/www.difoprint.com\/es\/serveis\/album-digital-personalizado\/","og_site_name":"Difoprint","article_modified_time":"2019-06-11T09:35:33+00:00","twitter_card":"summary_large_image","twitter_misc":{"Tiempo de lectura":"1 minuto"},"schema":{"@context":"https:\/\/schema.org","@graph":[{"@type":"WebPage","@id":"https:\/\/www.difoprint.com\/es\/serveis\/album-digital-personalizado\/","url":"https:\/\/www.difoprint.com\/es\/serveis\/album-digital-personalizado\/","name":"Crea un \u00e1lbum digital de fotos personalizado | Difoprint","isPartOf":{"@id":"https:\/\/www.difoprint.com\/es\/#website"},"datePublished":"2017-06-29T09:00:15+00:00","dateModified":"2019-06-11T09:35:33+00:00","description":"Crea tu \u00e1lbum digital de fotos personalizado online con tus mejores im\u00e1genes de recuerdos de familia y amigos. \u00a1Empieza ahora!","breadcrumb":{"@id":"https:\/\/www.difoprint.com\/es\/serveis\/album-digital-personalizado\/#breadcrumb"},"inLanguage":"es","potentialAction":[{"@type":"ReadAction","target":["https:\/\/www.difoprint.com\/es\/serveis\/album-digital-personalizado\/"]}]},{"@type":"BreadcrumbList","@id":"https:\/\/www.difoprint.com\/es\/serveis\/album-digital-personalizado\/#breadcrumb","itemListElement":[{"@type":"ListItem","position":1,"name":"Inici","item":"https:\/\/www.difoprint.com\/es\/"},{"@type":"ListItem","position":2,"name":"Servicios","item":"https:\/\/www.difoprint.com\/es\/serveis\/"},{"@type":"ListItem","position":3,"name":"\u00c1lbum fotogr\u00e1fico"}]},{"@type":"WebSite","@id":"https:\/\/www.difoprint.com\/es\/#website","url":"https:\/\/www.difoprint.com\/es\/","name":"Difoprint","description":"Arts gr\u00e0fiques","potentialAction":[{"@type":"SearchAction","target":{"@type":"EntryPoint","urlTemplate":"https:\/\/www.difoprint.com\/es\/?s={search_term_string}"},"query-input":{"@type":"PropertyValueSpecification","valueRequired":true,"valueName":"search_term_string"}}],"inLanguage":"es"}]}},"_links":{"self":[{"href":"https:\/\/www.difoprint.com\/es\/wp-json\/wp\/v2\/pages\/810","targetHints":{"allow":["GET"]}}],"collection":[{"href":"https:\/\/www.difoprint.com\/es\/wp-json\/wp\/v2\/pages"}],"about":[{"href":"https:\/\/www.difoprint.com\/es\/wp-json\/wp\/v2\/types\/page"}],"author":[{"embeddable":true,"href":"https:\/\/www.difoprint.com\/es\/wp-json\/wp\/v2\/users\/1"}],"replies":[{"embeddable":true,"href":"https:\/\/www.difoprint.com\/es\/wp-json\/wp\/v2\/comments?post=810"}],"version-history":[{"count":0,"href":"https:\/\/www.difoprint.com\/es\/wp-json\/wp\/v2\/pages\/810\/revisions"}],"up":[{"embeddable":true,"href":"https:\/\/www.difoprint.com\/es\/wp-json\/wp\/v2\/pages\/880"}],"wp:attachment":[{"href":"https:\/\/www.difoprint.com\/es\/wp-json\/wp\/v2\/media?parent=810"}],"curies":[{"name":"wp","href":"https:\/\/api.w.org\/{rel}","templated":true}]}}