{"id":809,"date":"2017-06-29T11:58:38","date_gmt":"2017-06-29T10:58:38","guid":{"rendered":"http:\/\/www.difoprint.com\/empresa\/"},"modified":"2018-06-06T12:26:02","modified_gmt":"2018-06-06T11:26:02","slug":"empresa","status":"publish","type":"page","link":"https:\/\/www.difoprint.com\/es\/empresa\/empresa\/","title":{"rendered":"Empresa"},"content":{"rendered":"<\/div><\/div><\/div><!-- close content main div --><\/div><\/div><div id='full_slider_1' class='avia-fullwidth-slider main_color avia-shadow  container_wrap sidebar_right'   ><div  data-size='featured_large'  data-lightbox_size='large'  data-animation='fade'  data-ids='720'  data-video_counter='0'  data-autoplay='true'  data-bg_slider='false'  data-slide_height=''  data-handle='av_slideshow_full'  data-interval='5'  data-class=' '  data-css_id=''  data-scroll_down=''  data-control_layout='av-control-hidden'  data-custom_markup=''  data-perma_caption=''  data-autoplay_stopper=''  data-image_attachment=''  data-min_height='0px'  data-src=''  data-position='top left'  data-repeat='no-repeat'  data-attach='scroll'  data-stretch=''  data-default-height='42'  class='avia-slideshow avia-slideshow-1  av-control-hidden av-default-height-applied avia-slideshow-featured_large av_slideshow_full   avia-fade-slider '  itemscope=\"itemscope\" itemtype=\"https:\/\/schema.org\/ImageObject\" ><ul class='avia-slideshow-inner' style='padding-bottom: 27.333333333333%;'><li  class=' av-single-slide slide-1 ' ><div data-rel='slideshow-1' class='avia-slide-wrap'  ><img src='https:\/\/www.difoprint.com\/wp-content\/uploads\/2017\/06\/foto-empresa3-1-1500x410.jpg' width='1500' height='410' title='foto-empresa3' alt=''  itemprop=\"thumbnailUrl\"   \/><\/div><\/li><\/ul><\/div><\/div>\n<div class=\"flex_column av_one_full  flex_column_div av-zero-column-padding first  \" style='border-radius:0px; '><p><div style='padding-bottom:0px;' class='av-special-heading av-special-heading-h2  blockquote modern-quote  '><h2 class='av-special-heading-tag'  itemprop=\"headline\"  >EMPRESA<\/h2><div class='special-heading-border'><div class='special-heading-inner-border' ><\/div><\/div><\/div><br \/>\n<div style=' margin-top:5px; margin-bottom:30px;'  class='hr hr-custom hr-left hr-icon-no '><span class='hr-inner   inner-border-av-border-fat' style=' width:50px; border-color:#d90000;' ><span class='hr-inner-style'><\/span><\/span><\/div><br \/>\n<section class=\"av_textblock_section\"  itemscope=\"itemscope\" itemtype=\"https:\/\/schema.org\/CreativeWork\" ><div class='avia_textblock '   itemprop=\"text\" ><p>Difoprint se constituy\u00f3 como sociedad el 26 de mayo de 1992. Albert Blancafort la fund\u00f3 despu\u00e9s de muchos a\u00f1os de experiencia en el sector gr\u00e1fico.<\/p>\n<p>Su actividad industrial se centra las artes gr\u00e1ficas y se fundamenta en la impresi\u00f3n offset y digital.<\/p>\n<p>Trabajamos las artes gr\u00e1ficas desde hace 26 a\u00f1os y es la PASI\u00d3N, el COMPROMISO, el ESFUERZO, y la ILUSI\u00d3N por el trabajo bien hecho lo que nos mueve d\u00eda a d\u00eda.<\/p>\n<p>PASI\u00d3N por las artes gr\u00e1ficas, por la imagen, por la impresi\u00f3n &#8230;<\/p>\n<p>COMPROMISO con nuestros clientes y con la calidad del trabajo bien hecho.<\/p>\n<p>ESFUERZO para adaptarse constantemente a los nuevos tiempos, a las nuevas tecnolog\u00edas, a las nuevas necesidades y para aportar soluciones actuales y efectivas.<\/p>\n<p>ILUSI\u00d3N para afrontar los nuevos retos, bas\u00e1ndonos en nuestra larga experiencia profesional y en la voluntad de adaptarnos y seguir mejorando en el futuro.<\/p>\n<\/div><\/section><\/p><\/div>\n","protected":false},"excerpt":{"rendered":"","protected":false},"author":1,"featured_media":0,"parent":888,"menu_order":0,"comment_status":"closed","ping_status":"closed","template":"","meta":{"footnotes":""},"class_list":["post-809","page","type-page","status-publish","hentry"],"yoast_head":"<!-- This site is optimized with the Yoast SEO plugin v27.3 - https:\/\/yoast.com\/product\/yoast-seo-wordpress\/ -->\n<title>Empresa - Difoprint<\/title>\n<meta name=\"robots\" content=\"index, follow, max-snippet:-1, max-image-preview:large, max-video-preview:-1\" \/>\n<link rel=\"canonical\" href=\"https:\/\/www.difoprint.com\/es\/empresa\/empresa\/\" \/>\n<meta property=\"og:locale\" content=\"es_ES\" \/>\n<meta property=\"og:type\" content=\"article\" \/>\n<meta property=\"og:title\" content=\"Empresa - Difoprint\" \/>\n<meta property=\"og:url\" content=\"https:\/\/www.difoprint.com\/es\/empresa\/empresa\/\" \/>\n<meta property=\"og:site_name\" content=\"Difoprint\" \/>\n<meta property=\"article:modified_time\" content=\"2018-06-06T11:26:02+00:00\" \/>\n<meta name=\"twitter:card\" content=\"summary_large_image\" \/>\n<meta name=\"twitter:label1\" content=\"Tiempo de lectura\" \/>\n\t<meta name=\"twitter:data1\" content=\"2 minutos\" \/>\n<script type=\"application\/ld+json\" class=\"yoast-schema-graph\">{\"@context\":\"https:\\\/\\\/schema.org\",\"@graph\":[{\"@type\":\"WebPage\",\"@id\":\"https:\\\/\\\/www.difoprint.com\\\/es\\\/empresa\\\/empresa\\\/\",\"url\":\"https:\\\/\\\/www.difoprint.com\\\/es\\\/empresa\\\/empresa\\\/\",\"name\":\"Empresa - Difoprint\",\"isPartOf\":{\"@id\":\"https:\\\/\\\/www.difoprint.com\\\/es\\\/#website\"},\"datePublished\":\"2017-06-29T10:58:38+00:00\",\"dateModified\":\"2018-06-06T11:26:02+00:00\",\"breadcrumb\":{\"@id\":\"https:\\\/\\\/www.difoprint.com\\\/es\\\/empresa\\\/empresa\\\/#breadcrumb\"},\"inLanguage\":\"es\",\"potentialAction\":[{\"@type\":\"ReadAction\",\"target\":[\"https:\\\/\\\/www.difoprint.com\\\/es\\\/empresa\\\/empresa\\\/\"]}]},{\"@type\":\"BreadcrumbList\",\"@id\":\"https:\\\/\\\/www.difoprint.com\\\/es\\\/empresa\\\/empresa\\\/#breadcrumb\",\"itemListElement\":[{\"@type\":\"ListItem\",\"position\":1,\"name\":\"Inici\",\"item\":\"https:\\\/\\\/www.difoprint.com\\\/es\\\/\"},{\"@type\":\"ListItem\",\"position\":2,\"name\":\"Empresa\",\"item\":\"https:\\\/\\\/www.difoprint.com\\\/es\\\/empresa\\\/\"},{\"@type\":\"ListItem\",\"position\":3,\"name\":\"Empresa\"}]},{\"@type\":\"WebSite\",\"@id\":\"https:\\\/\\\/www.difoprint.com\\\/es\\\/#website\",\"url\":\"https:\\\/\\\/www.difoprint.com\\\/es\\\/\",\"name\":\"Difoprint\",\"description\":\"Arts gr\u00e0fiques\",\"potentialAction\":[{\"@type\":\"SearchAction\",\"target\":{\"@type\":\"EntryPoint\",\"urlTemplate\":\"https:\\\/\\\/www.difoprint.com\\\/es\\\/?s={search_term_string}\"},\"query-input\":{\"@type\":\"PropertyValueSpecification\",\"valueRequired\":true,\"valueName\":\"search_term_string\"}}],\"inLanguage\":\"es\"}]}<\/script>\n<!-- \/ Yoast SEO plugin. -->","yoast_head_json":{"title":"Empresa - Difoprint","robots":{"index":"index","follow":"follow","max-snippet":"max-snippet:-1","max-image-preview":"max-image-preview:large","max-video-preview":"max-video-preview:-1"},"canonical":"https:\/\/www.difoprint.com\/es\/empresa\/empresa\/","og_locale":"es_ES","og_type":"article","og_title":"Empresa - Difoprint","og_url":"https:\/\/www.difoprint.com\/es\/empresa\/empresa\/","og_site_name":"Difoprint","article_modified_time":"2018-06-06T11:26:02+00:00","twitter_card":"summary_large_image","twitter_misc":{"Tiempo de lectura":"2 minutos"},"schema":{"@context":"https:\/\/schema.org","@graph":[{"@type":"WebPage","@id":"https:\/\/www.difoprint.com\/es\/empresa\/empresa\/","url":"https:\/\/www.difoprint.com\/es\/empresa\/empresa\/","name":"Empresa - Difoprint","isPartOf":{"@id":"https:\/\/www.difoprint.com\/es\/#website"},"datePublished":"2017-06-29T10:58:38+00:00","dateModified":"2018-06-06T11:26:02+00:00","breadcrumb":{"@id":"https:\/\/www.difoprint.com\/es\/empresa\/empresa\/#breadcrumb"},"inLanguage":"es","potentialAction":[{"@type":"ReadAction","target":["https:\/\/www.difoprint.com\/es\/empresa\/empresa\/"]}]},{"@type":"BreadcrumbList","@id":"https:\/\/www.difoprint.com\/es\/empresa\/empresa\/#breadcrumb","itemListElement":[{"@type":"ListItem","position":1,"name":"Inici","item":"https:\/\/www.difoprint.com\/es\/"},{"@type":"ListItem","position":2,"name":"Empresa","item":"https:\/\/www.difoprint.com\/es\/empresa\/"},{"@type":"ListItem","position":3,"name":"Empresa"}]},{"@type":"WebSite","@id":"https:\/\/www.difoprint.com\/es\/#website","url":"https:\/\/www.difoprint.com\/es\/","name":"Difoprint","description":"Arts gr\u00e0fiques","potentialAction":[{"@type":"SearchAction","target":{"@type":"EntryPoint","urlTemplate":"https:\/\/www.difoprint.com\/es\/?s={search_term_string}"},"query-input":{"@type":"PropertyValueSpecification","valueRequired":true,"valueName":"search_term_string"}}],"inLanguage":"es"}]}},"_links":{"self":[{"href":"https:\/\/www.difoprint.com\/es\/wp-json\/wp\/v2\/pages\/809","targetHints":{"allow":["GET"]}}],"collection":[{"href":"https:\/\/www.difoprint.com\/es\/wp-json\/wp\/v2\/pages"}],"about":[{"href":"https:\/\/www.difoprint.com\/es\/wp-json\/wp\/v2\/types\/page"}],"author":[{"embeddable":true,"href":"https:\/\/www.difoprint.com\/es\/wp-json\/wp\/v2\/users\/1"}],"replies":[{"embeddable":true,"href":"https:\/\/www.difoprint.com\/es\/wp-json\/wp\/v2\/comments?post=809"}],"version-history":[{"count":0,"href":"https:\/\/www.difoprint.com\/es\/wp-json\/wp\/v2\/pages\/809\/revisions"}],"up":[{"embeddable":true,"href":"https:\/\/www.difoprint.com\/es\/wp-json\/wp\/v2\/pages\/888"}],"wp:attachment":[{"href":"https:\/\/www.difoprint.com\/es\/wp-json\/wp\/v2\/media?parent=809"}],"curies":[{"name":"wp","href":"https:\/\/api.w.org\/{rel}","templated":true}]}}