{"id":804,"date":"2017-06-29T16:29:48","date_gmt":"2017-06-29T15:29:48","guid":{"rendered":"http:\/\/www.difoprint.com\/pressupost\/"},"modified":"2017-09-20T12:04:22","modified_gmt":"2017-09-20T11:04:22","slug":"pressupost","status":"publish","type":"page","link":"https:\/\/www.difoprint.com\/es\/pressupost\/","title":{"rendered":"Presupuesto"},"content":{"rendered":"<\/div><\/div><\/div><!-- close content main div --><\/div><\/div><div id='full_slider_1' class='avia-fullwidth-slider main_color avia-shadow  container_wrap sidebar_right'   ><div  data-size='featured_large'  data-lightbox_size='large'  data-animation='fade'  data-ids='624'  data-video_counter='0'  data-autoplay='true'  data-bg_slider='false'  data-slide_height=''  data-handle='av_slideshow_full'  data-interval='5'  data-class=' '  data-css_id=''  data-scroll_down=''  data-control_layout='av-control-hidden'  data-custom_markup=''  data-perma_caption=''  data-autoplay_stopper=''  data-image_attachment=''  data-min_height='0px'  data-src=''  data-position='top left'  data-repeat='no-repeat'  data-attach='scroll'  data-stretch=''  data-default-height='42'  class='avia-slideshow avia-slideshow-1  av-control-hidden av-default-height-applied avia-slideshow-featured_large av_slideshow_full   avia-fade-slider '  itemscope=\"itemscope\" itemtype=\"https:\/\/schema.org\/ImageObject\" ><ul class='avia-slideshow-inner' style='padding-bottom: 27.333333333333%;'><li  class=' av-single-slide slide-1 ' ><div data-rel='slideshow-1' class='avia-slide-wrap'  ><img src='https:\/\/www.difoprint.com\/wp-content\/uploads\/2017\/06\/g-pressupost-1-1500x410.jpg' width='1500' height='410' title='g-pressupost' alt=''  itemprop=\"thumbnailUrl\"   \/><\/div><\/li><\/ul><\/div><\/div>\n<div class=\"flex_column av_one_full  flex_column_div av-zero-column-padding first  \" style='border-radius:0px; '><p><div style='padding-bottom:0px;' class='av-special-heading av-special-heading-h2  blockquote modern-quote '><h2 class='av-special-heading-tag'  itemprop=\"headline\"  >PRESUPUESTO<\/h2><div class='special-heading-border'><div class='special-heading-inner-border' ><\/div><\/div><\/div><br \/>\n<div style=' margin-top:5px; margin-bottom:30px;'  class='hr hr-custom hr-left hr-icon-no '><span class='hr-inner   inner-border-av-border-fat' style=' width:50px; border-color:#d90000;' ><span class='hr-inner-style'><\/span><\/span><\/div><\/p><\/div>\n<section class=\"av_textblock_section\"  itemscope=\"itemscope\" itemtype=\"https:\/\/schema.org\/CreativeWork\" ><div class='avia_textblock '   itemprop=\"text\" ><p>Para solicitar un presupuesto o hacer un pedido rellena el siguiente formulario o llama al 938760527. Tambi\u00e9n puedes adjuntar un archivo.<\/p>\n<\/div><\/section>\n<section class=\"av_textblock_section\"  itemscope=\"itemscope\" itemtype=\"https:\/\/schema.org\/CreativeWork\" ><div class='avia_textblock '   itemprop=\"text\" >\n<div class=\"wpcf7 no-js\" id=\"wpcf7-f1050-o1\" lang=\"\" dir=\"ltr\" data-wpcf7-id=\"1050\">\n<div class=\"screen-reader-response\"><p role=\"status\" aria-live=\"polite\" aria-atomic=\"true\"><\/p> <ul><\/ul><\/div>\n<form action=\"\/es\/wp-json\/wp\/v2\/pages\/804#wpcf7-f1050-o1\" method=\"post\" class=\"wpcf7-form init\" aria-label=\"Formulario de contacto\" enctype=\"multipart\/form-data\" novalidate=\"novalidate\" data-status=\"init\">\n<fieldset class=\"hidden-fields-container\"><input type=\"hidden\" name=\"_wpcf7\" value=\"1050\" \/><input type=\"hidden\" name=\"_wpcf7_version\" value=\"6.1.5\" \/><input type=\"hidden\" name=\"_wpcf7_locale\" value=\"\" \/><input type=\"hidden\" name=\"_wpcf7_unit_tag\" value=\"wpcf7-f1050-o1\" \/><input type=\"hidden\" name=\"_wpcf7_container_post\" value=\"0\" \/><input type=\"hidden\" name=\"_wpcf7_posted_data_hash\" value=\"\" \/><input type=\"hidden\" name=\"_wpcf7_recaptcha_response\" value=\"\" \/>\n<\/fieldset>\n<div class=\"meitat1\">\n\t<p><label> Nombre y apellidos *<br \/>\n<span class=\"wpcf7-form-control-wrap\" data-name=\"your-name\"><input size=\"40\" maxlength=\"400\" class=\"wpcf7-form-control wpcf7-text wpcf7-validates-as-required\" aria-required=\"true\" aria-invalid=\"false\" value=\"\" type=\"text\" name=\"your-name\" \/><\/span> <\/label>\n\t<\/p>\n<\/div>\n<div class=\"meitat2\">\n\t<p><label> Empresa *<br \/>\n<span class=\"wpcf7-form-control-wrap\" data-name=\"empresa\"><input size=\"40\" maxlength=\"400\" class=\"wpcf7-form-control wpcf7-text wpcf7-validates-as-required\" aria-required=\"true\" aria-invalid=\"false\" value=\"\" type=\"text\" name=\"empresa\" \/><\/span> <\/label>\n\t<\/p>\n<\/div>\n<div class=\"meitat1\">\n\t<p><label> Mail *<br \/>\n<span class=\"wpcf7-form-control-wrap\" data-name=\"your-email\"><input size=\"40\" maxlength=\"400\" class=\"wpcf7-form-control wpcf7-email wpcf7-validates-as-required wpcf7-text wpcf7-validates-as-email\" aria-required=\"true\" aria-invalid=\"false\" value=\"\" type=\"email\" name=\"your-email\" \/><\/span> <\/label>\n\t<\/p>\n<\/div>\n<div class=\"meitat2\">\n\t<p><label> Tel\u00e9fono<br \/>\n<span class=\"wpcf7-form-control-wrap\" data-name=\"telefon\"><input size=\"40\" maxlength=\"400\" class=\"wpcf7-form-control wpcf7-text wpcf7-validates-as-required\" aria-required=\"true\" aria-invalid=\"false\" value=\"\" type=\"text\" name=\"telefon\" \/><\/span> <\/label>\n\t<\/p>\n<\/div>\n<div class=\"meitat1\">\n\t<p><label> Prov\u00edncia<br \/>\n<span class=\"wpcf7-form-control-wrap\" data-name=\"provincia\"><input size=\"40\" maxlength=\"400\" class=\"wpcf7-form-control wpcf7-text wpcf7-validates-as-required\" aria-required=\"true\" aria-invalid=\"false\" value=\"\" type=\"text\" name=\"provincia\" \/><\/span> <\/label>\n\t<\/p>\n<\/div>\n<div class=\"espai\">\n<\/div>\n<div class=\"borra\">\n<\/div>\n<div class=\"meitat1\">\n\t<p><label> Trabajo<br \/>\n<span class=\"wpcf7-form-control-wrap\" data-name=\"treball\"><input size=\"40\" maxlength=\"400\" class=\"wpcf7-form-control wpcf7-text\" aria-invalid=\"false\" value=\"\" type=\"text\" name=\"treball\" \/><\/span> <\/label>\n\t<\/p>\n<\/div>\n<div class=\"meitat2\">\n\t<p><label> Papel<br \/>\n<span class=\"wpcf7-form-control-wrap\" data-name=\"paper\"><input size=\"40\" maxlength=\"400\" class=\"wpcf7-form-control wpcf7-text\" aria-invalid=\"false\" value=\"\" type=\"text\" name=\"paper\" \/><\/span> <\/label>\n\t<\/p>\n<\/div>\n<div class=\"meitat1\">\n\t<p><label> Tama\u00f1o<br \/>\n<span class=\"wpcf7-form-control-wrap\" data-name=\"mida\"><input size=\"40\" maxlength=\"400\" class=\"wpcf7-form-control wpcf7-text\" aria-invalid=\"false\" value=\"\" type=\"text\" name=\"mida\" \/><\/span> <\/label>\n\t<\/p>\n<\/div>\n<div class=\"meitat2\">\n\t<p><label> Tintas<br \/>\n<span class=\"wpcf7-form-control-wrap\" data-name=\"tintes\"><input size=\"40\" maxlength=\"400\" class=\"wpcf7-form-control wpcf7-text\" aria-invalid=\"false\" value=\"\" type=\"text\" name=\"tintes\" \/><\/span> <\/label>\n\t<\/p>\n<\/div>\n<div class=\"meitat1\">\n\t<p><label> Acabados<br \/>\n<span class=\"wpcf7-form-control-wrap\" data-name=\"acabats\"><input size=\"40\" maxlength=\"400\" class=\"wpcf7-form-control wpcf7-text wpcf7-validates-as-required\" aria-required=\"true\" aria-invalid=\"false\" value=\"\" type=\"text\" name=\"acabats\" \/><\/span> <\/label>\n\t<\/p>\n<\/div>\n<div class=\"meitat2\">\n\t<p><label> Adjunta archivo:<br \/>\n<span class=\"wpcf7-form-control-wrap\" data-name=\"file-223\"><input size=\"40\" class=\"wpcf7-form-control wpcf7-file\" accept=\"audio\/*,video\/*,image\/*\" aria-invalid=\"false\" type=\"file\" name=\"file-223\" \/><\/span> <\/label>\n\t<\/p>\n<\/div>\n<div class=\"borra\">\n<\/div>\n<p><label> Comentarios:<\/label><span class=\"wpcf7-form-control-wrap\" data-name=\"textarea-568\"><textarea cols=\"40\" rows=\"10\" maxlength=\"2000\" class=\"wpcf7-form-control wpcf7-textarea\" aria-invalid=\"false\" name=\"textarea-568\"><\/textarea><\/span>\n<\/p>\n<p><span class=\"wpcf7-form-control-wrap\" data-name=\"acceptance-178\"><span class=\"wpcf7-form-control wpcf7-acceptance\"><span class=\"wpcf7-list-item\"><input type=\"checkbox\" name=\"acceptance-178\" value=\"1\" checked=\"checked\" aria-invalid=\"false\" \/><\/span><\/span><\/span> Acepto la pol\u00edtica de protecci\u00f3n de datos<br \/>\nDe acuerdo con el art\u00edculo 5 de la Ley Org\u00e1nica 15\/1999 de Protecci\u00f3n de Datos (LOPD) le informamos de que sus datos se incluyen en el fichero que llamamos correo, propiedad de DIFOPRINT, S.L. Sus datos son tratados con la \u00fanica finalidad de enviar informaci\u00f3n. En cualquier caso, puede ejercer sus derechos de acceso, modificaci\u00f3n, cancelaci\u00f3n y oposici\u00f3n enviando un correo a DIFOPRINT, S.L, c \/ General Prim, 3-5 08272 Sant Fruit\u00f3s de Bages, o a trav\u00e9s de este formulario.\n<\/p>\n<p><input class=\"wpcf7-form-control wpcf7-submit has-spinner\" type=\"submit\" value=\"Enviar\" \/>\n<\/p><div class=\"wpcf7-response-output\" aria-hidden=\"true\"><\/div>\n<\/form>\n<\/div>\n\n<\/div><\/section>\n","protected":false},"excerpt":{"rendered":"","protected":false},"author":1,"featured_media":0,"parent":0,"menu_order":0,"comment_status":"closed","ping_status":"closed","template":"","meta":{"footnotes":""},"class_list":["post-804","page","type-page","status-publish","hentry"],"yoast_head":"<!-- This site is optimized with the Yoast SEO plugin v27.6 - https:\/\/yoast.com\/product\/yoast-seo-wordpress\/ -->\n<title>Presupuesto - Difoprint<\/title>\n<meta name=\"robots\" content=\"index, follow, max-snippet:-1, max-image-preview:large, max-video-preview:-1\" \/>\n<link rel=\"canonical\" href=\"https:\/\/www.difoprint.com\/es\/pressupost\/\" \/>\n<meta property=\"og:locale\" content=\"es_ES\" \/>\n<meta property=\"og:type\" content=\"article\" \/>\n<meta property=\"og:title\" content=\"Presupuesto - Difoprint\" \/>\n<meta property=\"og:url\" content=\"https:\/\/www.difoprint.com\/es\/pressupost\/\" \/>\n<meta property=\"og:site_name\" content=\"Difoprint\" \/>\n<meta property=\"article:modified_time\" content=\"2017-09-20T11:04:22+00:00\" \/>\n<meta name=\"twitter:card\" content=\"summary_large_image\" \/>\n<meta name=\"twitter:label1\" content=\"Tiempo de lectura\" \/>\n\t<meta name=\"twitter:data1\" content=\"2 minutos\" \/>\n<script type=\"application\/ld+json\" class=\"yoast-schema-graph\">{\"@context\":\"https:\\\/\\\/schema.org\",\"@graph\":[{\"@type\":\"WebPage\",\"@id\":\"https:\\\/\\\/www.difoprint.com\\\/es\\\/pressupost\\\/\",\"url\":\"https:\\\/\\\/www.difoprint.com\\\/es\\\/pressupost\\\/\",\"name\":\"Presupuesto - Difoprint\",\"isPartOf\":{\"@id\":\"https:\\\/\\\/www.difoprint.com\\\/es\\\/#website\"},\"datePublished\":\"2017-06-29T15:29:48+00:00\",\"dateModified\":\"2017-09-20T11:04:22+00:00\",\"breadcrumb\":{\"@id\":\"https:\\\/\\\/www.difoprint.com\\\/es\\\/pressupost\\\/#breadcrumb\"},\"inLanguage\":\"es\",\"potentialAction\":[{\"@type\":\"ReadAction\",\"target\":[\"https:\\\/\\\/www.difoprint.com\\\/es\\\/pressupost\\\/\"]}]},{\"@type\":\"BreadcrumbList\",\"@id\":\"https:\\\/\\\/www.difoprint.com\\\/es\\\/pressupost\\\/#breadcrumb\",\"itemListElement\":[{\"@type\":\"ListItem\",\"position\":1,\"name\":\"Inici\",\"item\":\"https:\\\/\\\/www.difoprint.com\\\/es\\\/\"},{\"@type\":\"ListItem\",\"position\":2,\"name\":\"Presupuesto\"}]},{\"@type\":\"WebSite\",\"@id\":\"https:\\\/\\\/www.difoprint.com\\\/es\\\/#website\",\"url\":\"https:\\\/\\\/www.difoprint.com\\\/es\\\/\",\"name\":\"Difoprint\",\"description\":\"Arts gr\u00e0fiques\",\"potentialAction\":[{\"@type\":\"SearchAction\",\"target\":{\"@type\":\"EntryPoint\",\"urlTemplate\":\"https:\\\/\\\/www.difoprint.com\\\/es\\\/?s={search_term_string}\"},\"query-input\":{\"@type\":\"PropertyValueSpecification\",\"valueRequired\":true,\"valueName\":\"search_term_string\"}}],\"inLanguage\":\"es\"}]}<\/script>\n<!-- \/ Yoast SEO plugin. -->","yoast_head_json":{"title":"Presupuesto - Difoprint","robots":{"index":"index","follow":"follow","max-snippet":"max-snippet:-1","max-image-preview":"max-image-preview:large","max-video-preview":"max-video-preview:-1"},"canonical":"https:\/\/www.difoprint.com\/es\/pressupost\/","og_locale":"es_ES","og_type":"article","og_title":"Presupuesto - Difoprint","og_url":"https:\/\/www.difoprint.com\/es\/pressupost\/","og_site_name":"Difoprint","article_modified_time":"2017-09-20T11:04:22+00:00","twitter_card":"summary_large_image","twitter_misc":{"Tiempo de lectura":"2 minutos"},"schema":{"@context":"https:\/\/schema.org","@graph":[{"@type":"WebPage","@id":"https:\/\/www.difoprint.com\/es\/pressupost\/","url":"https:\/\/www.difoprint.com\/es\/pressupost\/","name":"Presupuesto - Difoprint","isPartOf":{"@id":"https:\/\/www.difoprint.com\/es\/#website"},"datePublished":"2017-06-29T15:29:48+00:00","dateModified":"2017-09-20T11:04:22+00:00","breadcrumb":{"@id":"https:\/\/www.difoprint.com\/es\/pressupost\/#breadcrumb"},"inLanguage":"es","potentialAction":[{"@type":"ReadAction","target":["https:\/\/www.difoprint.com\/es\/pressupost\/"]}]},{"@type":"BreadcrumbList","@id":"https:\/\/www.difoprint.com\/es\/pressupost\/#breadcrumb","itemListElement":[{"@type":"ListItem","position":1,"name":"Inici","item":"https:\/\/www.difoprint.com\/es\/"},{"@type":"ListItem","position":2,"name":"Presupuesto"}]},{"@type":"WebSite","@id":"https:\/\/www.difoprint.com\/es\/#website","url":"https:\/\/www.difoprint.com\/es\/","name":"Difoprint","description":"Arts gr\u00e0fiques","potentialAction":[{"@type":"SearchAction","target":{"@type":"EntryPoint","urlTemplate":"https:\/\/www.difoprint.com\/es\/?s={search_term_string}"},"query-input":{"@type":"PropertyValueSpecification","valueRequired":true,"valueName":"search_term_string"}}],"inLanguage":"es"}]}},"_links":{"self":[{"href":"https:\/\/www.difoprint.com\/es\/wp-json\/wp\/v2\/pages\/804","targetHints":{"allow":["GET"]}}],"collection":[{"href":"https:\/\/www.difoprint.com\/es\/wp-json\/wp\/v2\/pages"}],"about":[{"href":"https:\/\/www.difoprint.com\/es\/wp-json\/wp\/v2\/types\/page"}],"author":[{"embeddable":true,"href":"https:\/\/www.difoprint.com\/es\/wp-json\/wp\/v2\/users\/1"}],"replies":[{"embeddable":true,"href":"https:\/\/www.difoprint.com\/es\/wp-json\/wp\/v2\/comments?post=804"}],"version-history":[{"count":0,"href":"https:\/\/www.difoprint.com\/es\/wp-json\/wp\/v2\/pages\/804\/revisions"}],"wp:attachment":[{"href":"https:\/\/www.difoprint.com\/es\/wp-json\/wp\/v2\/media?parent=804"}],"curies":[{"name":"wp","href":"https:\/\/api.w.org\/{rel}","templated":true}]}}