{"id":802,"date":"2017-07-20T12:09:21","date_gmt":"2017-07-20T11:09:21","guid":{"rendered":"http:\/\/www.difoprint.com\/condicions-dus\/"},"modified":"2017-07-25T11:02:50","modified_gmt":"2017-07-25T10:02:50","slug":"condicions-dus","status":"publish","type":"page","link":"https:\/\/www.difoprint.com\/es\/condicions-dus\/","title":{"rendered":"Condiciones de uso"},"content":{"rendered":"<div class=\"flex_column av_one_full  flex_column_div av-zero-column-padding first  \" style='border-radius:0px; '><section class=\"av_textblock_section\"  itemscope=\"itemscope\" itemtype=\"https:\/\/schema.org\/CreativeWork\" ><div class='avia_textblock '   itemprop=\"text\" ><h2>CONDICIONES DE USO<\/h2>\n<\/div><\/section><br \/>\n<div style='height:50px' class='hr hr-invisible '><span class='hr-inner ' ><span class='hr-inner-style'><\/span><\/span><\/div><br \/>\n<section class=\"av_textblock_section\"  itemscope=\"itemscope\" itemtype=\"https:\/\/schema.org\/CreativeWork\" ><div class='avia_textblock '   itemprop=\"text\" ><p>AVISO LEGAL<br \/>\nEn cumplimiento de lo establecido en la Ley 34\/2002 de 11 de Julio, de Servicios de la Sociedad de la Informaci\u00f3n y el Comercio Electr\u00f3nico (LSSICE), se informa de los siguientes aspectos legales, que DIFOPRINT, S.L. con C.I.F: B 60109634 es titular de la web www.difoprint.com y tiene domicilio social en Calle General Prim n\u00ba 3 y 5 08272 &#8211; Sant Fruit\u00f3s de Bages, provincia de Barcelona. El mail de contacto es difo@difoprint.com y el tel\u00e9fono es el n\u00ba 938760527.<\/p>\n<p><strong>\u00a0<\/strong><\/p>\n<p><strong>POL\u00cdTICA DE PRIVACIDAD<\/strong><\/p>\n<p>ACEPTACI\u00d3N DEL USUARIO<br \/>\nEste documento (en adelante denominado \u00abPOL\u00cdTICA DE PRIVACIDAD\u00bb) tiene por objeto regular el uso del espacio web que DIFOPRINT, S.L pone a disposici\u00f3n.<br \/>\nLos derechos de propiedad intelectual de esta web, su c\u00f3digo fuente, las bases de datos y los distintos elementos que contiene son propiedad titular de DIFOPRINT, SL a quien corresponde el ejercicio exclusivo de explotaci\u00f3n de los derechos de la propia web y, en especial, los de reproducci\u00f3n, distribuci\u00f3n, comunicaci\u00f3n p\u00fablica, mantenimiento y transformaci\u00f3n.<br \/>\nLa utilizaci\u00f3n del espacio web por un tercero le atribuye la condici\u00f3n de usuario, y supone la aceptaci\u00f3n plena de este usuario de todas y cada una de las condiciones establecidas en esta Pol\u00edtica de privacidad.<\/p>\n<p>USO CORRECTO DEL SITIO WEB<br \/>\nEl usuario se compromete a utilizar el sitio web, los contenidos y los servicios de acuerdo con la Ley, esta Pol\u00edtica de privacidad, las buenas pr\u00e1cticas y el orden p\u00fablico. Del mismo modo, el usuario se obliga a no utilizar el sitio web o los servicios que se presten a trav\u00e9s de \u00e9l con fines o efectos il\u00edcitos o contrarios al contenido de esta Pol\u00edtica de privacidad, que lesionen intereses o derechos de terceros, o que de cualquier forma pueda da\u00f1ar, inutilizar o deteriorar el propio espacio web o sus servicios o impedir un uso satisfactorio del espacio web o de otros usuarios.<br \/>\nAsimismo, el usuario se compromete expresamente a no destruir, alterar, inutilizar o, de cualquier otra forma, da\u00f1ar los datos, programas o documentos electr\u00f3nicos y dem\u00e1s que se encuentren en el presente espacio web.<br \/>\nEl usuario se compromete a no obstaculizar el acceso de otros usuarios mediante el consumo masivo de los recursos inform\u00e1ticos a trav\u00e9s de los cuales DIFOPRINT, S.L presta el servicio, as\u00ed como a no realizar acciones que da\u00f1en, interrumpan o generen errores en dichos sistemas.<br \/>\nEl usuario se compromete a no introducir programas, virus, macros, applets, controles de cualquiera o cualquier otro dispositivo l\u00f3gico o secuencia de caracteres que causen o puedan causar cualquier tipo de alteraci\u00f3n en los sistemas inform\u00e1ticos de DIFOPRINT, SL o de terceros o, en su caso, violar los derechos de la propiedad intelectual o industrial.<br \/>\nEl usuario se compromete a no hacer mal uso de informaciones, mensajes, gr\u00e1ficos, dibujos, archivos de sonido y \/ o imagen, fotograf\u00edas, grabaciones, software y, en general, cualquier clase de material accesible a trav\u00e9s del presente sitio web o los servicios que ofrece.<br \/>\nDIFOPRINT, SL consecuentemente, declina igualmente toda responsabilidad derivada de los da\u00f1os y perjuicios que puedan sufrir cualquier visitante del sitio web en sus recursos tecnol\u00f3gicos (inform\u00e1ticos o telem\u00e1ticos), a consecuencia de la producci\u00f3n de cualquiera de las circunstancias o hechos mencionados en el p\u00e1rrafo anterior. Igualmente, DIFOPRINT, S.L no garantiza que el espacio web y el servidor est\u00e9n libres de virus y no se hace responsable de los da\u00f1os causados \u200b\u200bpor el acceso a la web o por la imposibilidad de acceder.<\/p>\n<p>DIFOPRINT, S.L no es responsable de la informaci\u00f3n que se puede obtener a trav\u00e9s de enlaces a sistemas desde este espacio web.<\/p>\n<p>Propiedad intelectual e industrial<br \/>\nEste espacio web y todos sus contenidos, incluidos los textos, los documentos, las fotograf\u00edas, los dibujos, las representaciones gr\u00e1ficas, las bases de datos, programas inform\u00e1ticos, as\u00ed como logotipos, marcas, nombres comerciales y otros signos distintivos , son propiedad de DIFOPRINT, SL o de terceros que lo han autorizado para su uso.<br \/>\nTodos los derechos est\u00e1n reservados.<\/p>\n<p><strong>\u00a0<\/strong><\/p>\n<\/div><\/section><\/p><\/div>\n","protected":false},"excerpt":{"rendered":"","protected":false},"author":1,"featured_media":0,"parent":0,"menu_order":0,"comment_status":"closed","ping_status":"closed","template":"","meta":{"footnotes":""},"class_list":["post-802","page","type-page","status-publish","hentry"],"yoast_head":"<!-- This site is optimized with the Yoast SEO plugin v27.4 - https:\/\/yoast.com\/product\/yoast-seo-wordpress\/ -->\n<title>Condiciones de uso - Difoprint<\/title>\n<meta name=\"robots\" content=\"index, follow, max-snippet:-1, max-image-preview:large, max-video-preview:-1\" \/>\n<link rel=\"canonical\" href=\"https:\/\/www.difoprint.com\/es\/condicions-dus\/\" \/>\n<meta property=\"og:locale\" content=\"es_ES\" \/>\n<meta property=\"og:type\" content=\"article\" \/>\n<meta property=\"og:title\" content=\"Condiciones de uso - Difoprint\" \/>\n<meta property=\"og:url\" content=\"https:\/\/www.difoprint.com\/es\/condicions-dus\/\" \/>\n<meta property=\"og:site_name\" content=\"Difoprint\" \/>\n<meta property=\"article:modified_time\" content=\"2017-07-25T10:02:50+00:00\" \/>\n<meta name=\"twitter:card\" content=\"summary_large_image\" \/>\n<meta name=\"twitter:label1\" content=\"Tiempo de lectura\" \/>\n\t<meta name=\"twitter:data1\" content=\"4 minutos\" \/>\n<script type=\"application\/ld+json\" class=\"yoast-schema-graph\">{\"@context\":\"https:\\\/\\\/schema.org\",\"@graph\":[{\"@type\":\"WebPage\",\"@id\":\"https:\\\/\\\/www.difoprint.com\\\/es\\\/condicions-dus\\\/\",\"url\":\"https:\\\/\\\/www.difoprint.com\\\/es\\\/condicions-dus\\\/\",\"name\":\"Condiciones de uso - Difoprint\",\"isPartOf\":{\"@id\":\"https:\\\/\\\/www.difoprint.com\\\/es\\\/#website\"},\"datePublished\":\"2017-07-20T11:09:21+00:00\",\"dateModified\":\"2017-07-25T10:02:50+00:00\",\"breadcrumb\":{\"@id\":\"https:\\\/\\\/www.difoprint.com\\\/es\\\/condicions-dus\\\/#breadcrumb\"},\"inLanguage\":\"es\",\"potentialAction\":[{\"@type\":\"ReadAction\",\"target\":[\"https:\\\/\\\/www.difoprint.com\\\/es\\\/condicions-dus\\\/\"]}]},{\"@type\":\"BreadcrumbList\",\"@id\":\"https:\\\/\\\/www.difoprint.com\\\/es\\\/condicions-dus\\\/#breadcrumb\",\"itemListElement\":[{\"@type\":\"ListItem\",\"position\":1,\"name\":\"Inici\",\"item\":\"https:\\\/\\\/www.difoprint.com\\\/es\\\/\"},{\"@type\":\"ListItem\",\"position\":2,\"name\":\"Condiciones de uso\"}]},{\"@type\":\"WebSite\",\"@id\":\"https:\\\/\\\/www.difoprint.com\\\/es\\\/#website\",\"url\":\"https:\\\/\\\/www.difoprint.com\\\/es\\\/\",\"name\":\"Difoprint\",\"description\":\"Arts gr\u00e0fiques\",\"potentialAction\":[{\"@type\":\"SearchAction\",\"target\":{\"@type\":\"EntryPoint\",\"urlTemplate\":\"https:\\\/\\\/www.difoprint.com\\\/es\\\/?s={search_term_string}\"},\"query-input\":{\"@type\":\"PropertyValueSpecification\",\"valueRequired\":true,\"valueName\":\"search_term_string\"}}],\"inLanguage\":\"es\"}]}<\/script>\n<!-- \/ Yoast SEO plugin. -->","yoast_head_json":{"title":"Condiciones de uso - Difoprint","robots":{"index":"index","follow":"follow","max-snippet":"max-snippet:-1","max-image-preview":"max-image-preview:large","max-video-preview":"max-video-preview:-1"},"canonical":"https:\/\/www.difoprint.com\/es\/condicions-dus\/","og_locale":"es_ES","og_type":"article","og_title":"Condiciones de uso - Difoprint","og_url":"https:\/\/www.difoprint.com\/es\/condicions-dus\/","og_site_name":"Difoprint","article_modified_time":"2017-07-25T10:02:50+00:00","twitter_card":"summary_large_image","twitter_misc":{"Tiempo de lectura":"4 minutos"},"schema":{"@context":"https:\/\/schema.org","@graph":[{"@type":"WebPage","@id":"https:\/\/www.difoprint.com\/es\/condicions-dus\/","url":"https:\/\/www.difoprint.com\/es\/condicions-dus\/","name":"Condiciones de uso - Difoprint","isPartOf":{"@id":"https:\/\/www.difoprint.com\/es\/#website"},"datePublished":"2017-07-20T11:09:21+00:00","dateModified":"2017-07-25T10:02:50+00:00","breadcrumb":{"@id":"https:\/\/www.difoprint.com\/es\/condicions-dus\/#breadcrumb"},"inLanguage":"es","potentialAction":[{"@type":"ReadAction","target":["https:\/\/www.difoprint.com\/es\/condicions-dus\/"]}]},{"@type":"BreadcrumbList","@id":"https:\/\/www.difoprint.com\/es\/condicions-dus\/#breadcrumb","itemListElement":[{"@type":"ListItem","position":1,"name":"Inici","item":"https:\/\/www.difoprint.com\/es\/"},{"@type":"ListItem","position":2,"name":"Condiciones de uso"}]},{"@type":"WebSite","@id":"https:\/\/www.difoprint.com\/es\/#website","url":"https:\/\/www.difoprint.com\/es\/","name":"Difoprint","description":"Arts gr\u00e0fiques","potentialAction":[{"@type":"SearchAction","target":{"@type":"EntryPoint","urlTemplate":"https:\/\/www.difoprint.com\/es\/?s={search_term_string}"},"query-input":{"@type":"PropertyValueSpecification","valueRequired":true,"valueName":"search_term_string"}}],"inLanguage":"es"}]}},"_links":{"self":[{"href":"https:\/\/www.difoprint.com\/es\/wp-json\/wp\/v2\/pages\/802","targetHints":{"allow":["GET"]}}],"collection":[{"href":"https:\/\/www.difoprint.com\/es\/wp-json\/wp\/v2\/pages"}],"about":[{"href":"https:\/\/www.difoprint.com\/es\/wp-json\/wp\/v2\/types\/page"}],"author":[{"embeddable":true,"href":"https:\/\/www.difoprint.com\/es\/wp-json\/wp\/v2\/users\/1"}],"replies":[{"embeddable":true,"href":"https:\/\/www.difoprint.com\/es\/wp-json\/wp\/v2\/comments?post=802"}],"version-history":[{"count":0,"href":"https:\/\/www.difoprint.com\/es\/wp-json\/wp\/v2\/pages\/802\/revisions"}],"wp:attachment":[{"href":"https:\/\/www.difoprint.com\/es\/wp-json\/wp\/v2\/media?parent=802"}],"curies":[{"name":"wp","href":"https:\/\/api.w.org\/{rel}","templated":true}]}}